{"id":960,"date":"2025-03-05T11:24:08","date_gmt":"2025-03-05T10:24:08","guid":{"rendered":"https:\/\/courses.proyectoespanol.com\/producto\/familia-habitacion-doble-media-pension-en-madrid-fr\/"},"modified":"2025-03-26T12:45:09","modified_gmt":"2025-03-26T11:45:09","slug":"familia-habitacion-doble-media-pension-en-madrid-fr","status":"publish","type":"product","link":"https:\/\/courses.proyectoespanol.com\/fr\/familia-habitacion-doble-media-pension-en-madrid-fr\/","title":{"rendered":"Famille: Chambre double &#8211; Demi-pension \u00e0 Madrid"},"content":{"rendered":"<p>* \u00c0 Madrid, la r\u00e9servation d\u2019une chambre double n\u00e9cessite l\u2019inscription d\u2019une autre personne aux m\u00eames dates. <\/p>\n","protected":false},"excerpt":{"rendered":"<p>* \u00c0 Madrid, la r\u00e9servation d\u2019une chambre double n\u00e9cessite l\u2019inscription d\u2019une autre personne aux m\u00eames dates.<\/p>\n","protected":false},"featured_media":0,"comment_status":"open","ping_status":"closed","template":"","meta":{"_acf_changed":false},"product_brand":[],"product_cat":[104,100],"product_tag":[],"class_list":{"0":"post-960","1":"product","2":"type-product","3":"status-publish","5":"product_cat-hebergement","6":"product_cat-madrid-fr","8":"first","9":"instock","10":"shipping-taxable","11":"product-type-simple"},"acf":[],"_links":{"self":[{"href":"https:\/\/courses.proyectoespanol.com\/fr\/wp-json\/wp\/v2\/product\/960","targetHints":{"allow":["GET"]}}],"collection":[{"href":"https:\/\/courses.proyectoespanol.com\/fr\/wp-json\/wp\/v2\/product"}],"about":[{"href":"https:\/\/courses.proyectoespanol.com\/fr\/wp-json\/wp\/v2\/types\/product"}],"replies":[{"embeddable":true,"href":"https:\/\/courses.proyectoespanol.com\/fr\/wp-json\/wp\/v2\/comments?post=960"}],"wp:attachment":[{"href":"https:\/\/courses.proyectoespanol.com\/fr\/wp-json\/wp\/v2\/media?parent=960"}],"wp:term":[{"taxonomy":"product_brand","embeddable":true,"href":"https:\/\/courses.proyectoespanol.com\/fr\/wp-json\/wp\/v2\/product_brand?post=960"},{"taxonomy":"product_cat","embeddable":true,"href":"https:\/\/courses.proyectoespanol.com\/fr\/wp-json\/wp\/v2\/product_cat?post=960"},{"taxonomy":"product_tag","embeddable":true,"href":"https:\/\/courses.proyectoespanol.com\/fr\/wp-json\/wp\/v2\/product_tag?post=960"}],"curies":[{"name":"wp","href":"https:\/\/api.w.org\/{rel}","templated":true}]}}