{"id":939,"date":"2025-03-05T11:18:29","date_gmt":"2025-03-05T10:18:29","guid":{"rendered":"https:\/\/courses.proyectoespanol.com\/producto\/familia-habitacion-doble-pension-completa-en-alicante-fr\/"},"modified":"2026-03-27T15:17:10","modified_gmt":"2026-03-27T14:17:10","slug":"familia-habitacion-doble-pension-completa-en-alicante-fr","status":"publish","type":"product","link":"https:\/\/courses.proyectoespanol.com\/fr\/familia-habitacion-doble-pension-completa-en-alicante-fr\/","title":{"rendered":"Famille: Chambre double &#8211; Pension compl\u00e8te \u00e0 Alicante"},"content":{"rendered":"<p>*\u00c0 Alicante, la r\u00e9servation d\u2019une chambre double en famille n\u00e9cessite l\u2019inscription d\u2019une autre personne aux m\u00eames dates.<\/p>\n","protected":false},"excerpt":{"rendered":"<p>*\u00c0 Alicante, la r\u00e9servation d\u2019une chambre double en famille n\u00e9cessite l\u2019inscription d\u2019une autre personne aux m\u00eames dates.<\/p>\n","protected":false},"featured_media":0,"comment_status":"open","ping_status":"closed","template":"","meta":{"_acf_changed":false},"product_brand":[],"product_cat":[93,104],"product_tag":[],"class_list":{"0":"post-939","1":"product","2":"type-product","3":"status-publish","5":"product_cat-alicante-fr","6":"product_cat-hebergement","8":"first","9":"instock","10":"shipping-taxable","11":"product-type-simple"},"acf":[],"_links":{"self":[{"href":"https:\/\/courses.proyectoespanol.com\/fr\/wp-json\/wp\/v2\/product\/939","targetHints":{"allow":["GET"]}}],"collection":[{"href":"https:\/\/courses.proyectoespanol.com\/fr\/wp-json\/wp\/v2\/product"}],"about":[{"href":"https:\/\/courses.proyectoespanol.com\/fr\/wp-json\/wp\/v2\/types\/product"}],"replies":[{"embeddable":true,"href":"https:\/\/courses.proyectoespanol.com\/fr\/wp-json\/wp\/v2\/comments?post=939"}],"wp:attachment":[{"href":"https:\/\/courses.proyectoespanol.com\/fr\/wp-json\/wp\/v2\/media?parent=939"}],"wp:term":[{"taxonomy":"product_brand","embeddable":true,"href":"https:\/\/courses.proyectoespanol.com\/fr\/wp-json\/wp\/v2\/product_brand?post=939"},{"taxonomy":"product_cat","embeddable":true,"href":"https:\/\/courses.proyectoespanol.com\/fr\/wp-json\/wp\/v2\/product_cat?post=939"},{"taxonomy":"product_tag","embeddable":true,"href":"https:\/\/courses.proyectoespanol.com\/fr\/wp-json\/wp\/v2\/product_tag?post=939"}],"curies":[{"name":"wp","href":"https:\/\/api.w.org\/{rel}","templated":true}]}}