{"id":912,"date":"2025-03-05T11:03:01","date_gmt":"2025-03-05T10:03:01","guid":{"rendered":"https:\/\/courses.proyectoespanol.com\/producto\/apartamento-habitacion-doble-en-barcelona-fr\/"},"modified":"2025-05-05T15:20:03","modified_gmt":"2025-05-05T13:20:03","slug":"apartamento-habitacion-doble-en-barcelona-fr","status":"publish","type":"product","link":"https:\/\/courses.proyectoespanol.com\/fr\/apartamento-habitacion-doble-en-barcelona-fr\/","title":{"rendered":"Appartement : Chambre double \u00e0 Barcelona"},"content":{"rendered":"<p>* \u00c0 Barcelone, la r\u00e9servation d\u2019une chambre double n\u00e9cessite l\u2019inscription d\u2019une autre personne aux m\u00eames dates.<\/p>\n","protected":false},"excerpt":{"rendered":"<p>* \u00c0 Barcelone, la r\u00e9servation d\u2019une chambre double n\u00e9cessite l\u2019inscription d\u2019une autre personne aux m\u00eames dates.<\/p>\n","protected":false},"featured_media":0,"comment_status":"open","ping_status":"closed","template":"","meta":{"_acf_changed":false},"product_brand":[],"product_cat":[95,104],"product_tag":[],"class_list":{"0":"post-912","1":"product","2":"type-product","3":"status-publish","5":"product_cat-barcelona-fr","6":"product_cat-hebergement","8":"first","9":"instock","10":"shipping-taxable","11":"product-type-simple"},"acf":[],"_links":{"self":[{"href":"https:\/\/courses.proyectoespanol.com\/fr\/wp-json\/wp\/v2\/product\/912","targetHints":{"allow":["GET"]}}],"collection":[{"href":"https:\/\/courses.proyectoespanol.com\/fr\/wp-json\/wp\/v2\/product"}],"about":[{"href":"https:\/\/courses.proyectoespanol.com\/fr\/wp-json\/wp\/v2\/types\/product"}],"replies":[{"embeddable":true,"href":"https:\/\/courses.proyectoespanol.com\/fr\/wp-json\/wp\/v2\/comments?post=912"}],"wp:attachment":[{"href":"https:\/\/courses.proyectoespanol.com\/fr\/wp-json\/wp\/v2\/media?parent=912"}],"wp:term":[{"taxonomy":"product_brand","embeddable":true,"href":"https:\/\/courses.proyectoespanol.com\/fr\/wp-json\/wp\/v2\/product_brand?post=912"},{"taxonomy":"product_cat","embeddable":true,"href":"https:\/\/courses.proyectoespanol.com\/fr\/wp-json\/wp\/v2\/product_cat?post=912"},{"taxonomy":"product_tag","embeddable":true,"href":"https:\/\/courses.proyectoespanol.com\/fr\/wp-json\/wp\/v2\/product_tag?post=912"}],"curies":[{"name":"wp","href":"https:\/\/api.w.org\/{rel}","templated":true}]}}