{"id":855,"date":"2025-03-03T10:48:58","date_gmt":"2025-03-03T09:48:58","guid":{"rendered":"https:\/\/courses.proyectoespanol.com\/producto\/curso-intensivo-de-larga-duracion-en-granada-%c2%b7-25h-fr\/"},"modified":"2026-02-26T08:04:10","modified_gmt":"2026-02-26T07:04:10","slug":"cours-espagnol-longue-duree-grenade-25h","status":"publish","type":"product","link":"https:\/\/courses.proyectoespanol.com\/fr\/cours-espagnol-longue-duree-grenade-25h\/","title":{"rendered":"Cours intensif de longue dur\u00e9e \u00e0 Granada \u00b7 25h"},"content":{"rendered":"<p>Cours th\u00e9orico-pratique, de 5 heures par jour,\u00a0 qui comprend dans sa premi\u00e8re partie des contenus grammaticaux, fonctionnels, lexicaux et discursifs, appliqu\u00e9s de mani\u00e8re pratique dans des contextes d&#8217;usage fr\u00e9quent et des situations communicatives significatives pour l&#8217;apprentissage de l&#8217;espagnol. Dans ce cours, toutes les comp\u00e9tences sont mises en pratique, tant \u00e0 l&#8217;oral qu&#8217;\u00e0 l&#8217;\u00e9crit. Il est enseign\u00e9 avec une m\u00e9thodologie communicative orient\u00e9e vers l&#8217;action, la participation active des \u00e9tudiants et le d\u00e9veloppement de strat\u00e9gies d&#8217;apprentissage.<\/p>\n<p>La deuxi\u00e8me partie du cours combine la pratique des comp\u00e9tences orales dans des situations de communication avec des contenus fr\u00e9quemment utilis\u00e9s, ainsi que des r\u00e9f\u00e9rences socioculturelles de l&#8217;environnement hispanique, en encourageant l&#8217;interaction orale \u00e0 la fois dans et hors de la salle de classe. Ces cours comprennent \u00e9galement des contenus sur la prononciation, le langage familier, les expressions idiomatiques, les proverbes, etc.<\/p>\n<p><strong>Ce cours comprend 5 heures par jour, du lundi au vendredi, et r\u00e9pond aux exigences pour l&#8217;obtention du visa \u00e9tudiant ou du titre de s\u00e9jour pour \u00e9tudes.<\/strong><\/p>\n","protected":false},"excerpt":{"rendered":"<p>Cours th\u00e9orico-pratique, de 5 heures par jour,\u00a0 qui comprend dans sa premi\u00e8re partie des contenus grammaticaux, fonctionnels, lexicaux et discursifs, appliqu\u00e9s de mani\u00e8re pratique dans des contextes d&#8217;usage fr\u00e9quent et des situations communicatives significatives pour l&#8217;apprentissage de l&#8217;espagnol. Dans ce cours, toutes les comp\u00e9tences sont mises en pratique, tant \u00e0 l&#8217;oral qu&#8217;\u00e0 l&#8217;\u00e9crit. Il est [&hellip;]<\/p>\n","protected":false},"featured_media":0,"comment_status":"open","ping_status":"closed","template":"","meta":{"_acf_changed":false},"product_brand":[],"product_cat":[106,97],"product_tag":[153],"class_list":{"0":"post-855","1":"product","2":"type-product","3":"status-publish","5":"product_cat-cours","6":"product_cat-granada-fr","7":"product_tag-visa-fr","9":"first","10":"instock","11":"shipping-taxable","12":"purchasable","13":"product-type-simple"},"acf":[],"_links":{"self":[{"href":"https:\/\/courses.proyectoespanol.com\/fr\/wp-json\/wp\/v2\/product\/855","targetHints":{"allow":["GET"]}}],"collection":[{"href":"https:\/\/courses.proyectoespanol.com\/fr\/wp-json\/wp\/v2\/product"}],"about":[{"href":"https:\/\/courses.proyectoespanol.com\/fr\/wp-json\/wp\/v2\/types\/product"}],"replies":[{"embeddable":true,"href":"https:\/\/courses.proyectoespanol.com\/fr\/wp-json\/wp\/v2\/comments?post=855"}],"wp:attachment":[{"href":"https:\/\/courses.proyectoespanol.com\/fr\/wp-json\/wp\/v2\/media?parent=855"}],"wp:term":[{"taxonomy":"product_brand","embeddable":true,"href":"https:\/\/courses.proyectoespanol.com\/fr\/wp-json\/wp\/v2\/product_brand?post=855"},{"taxonomy":"product_cat","embeddable":true,"href":"https:\/\/courses.proyectoespanol.com\/fr\/wp-json\/wp\/v2\/product_cat?post=855"},{"taxonomy":"product_tag","embeddable":true,"href":"https:\/\/courses.proyectoespanol.com\/fr\/wp-json\/wp\/v2\/product_tag?post=855"}],"curies":[{"name":"wp","href":"https:\/\/api.w.org\/{rel}","templated":true}]}}