{"id":783,"date":"2025-02-19T14:49:14","date_gmt":"2025-02-19T13:49:14","guid":{"rendered":"https:\/\/courses.proyectoespanol.com\/producto\/curso-intensivo-en-granada-%c2%b7-25h-fr\/"},"modified":"2026-02-26T08:04:36","modified_gmt":"2026-02-26T07:04:36","slug":"cours-intensif-espagnol-grenade-25h","status":"publish","type":"product","link":"https:\/\/courses.proyectoespanol.com\/fr\/cours-intensif-espagnol-grenade-25h\/","title":{"rendered":"Cours Intensif \u00e0 Granada \u00b7 25h"},"content":{"rendered":"<p>Cours th\u00e9orico-pratique, <strong>de 5 heures par jour<\/strong>,\u00a0 qui comprend dans <strong>sa premi\u00e8re partie<\/strong> des contenus grammaticaux, fonctionnels, lexicaux et discursifs, appliqu\u00e9s de mani\u00e8re pratique dans des contextes d&#8217;usage fr\u00e9quent et des situations communicatives significatives pour l&#8217;apprentissage de l&#8217;espagnol. Dans ce cours, toutes les comp\u00e9tences sont mises en pratique, tant \u00e0 l&#8217;oral qu&#8217;\u00e0 l&#8217;\u00e9crit. Il est enseign\u00e9 avec une m\u00e9thodologie communicative orient\u00e9e vers l&#8217;action, la participation active des \u00e9tudiants et le d\u00e9veloppement de strat\u00e9gies d&#8217;apprentissage.<\/p>\n<p><strong>La deuxi\u00e8me partie<\/strong> du cours combine la pratique des comp\u00e9tences orales dans des situations de communication avec des contenus fr\u00e9quemment utilis\u00e9s, ainsi que des r\u00e9f\u00e9rences socioculturelles de l&#8217;environnement hispanique, en encourageant l&#8217;interaction orale \u00e0 la fois dans et hors de la salle de classe. Ces cours comprennent \u00e9galement des contenus sur la prononciation, le langage familier, les expressions idiomatiques, les proverbes, etc.<\/p>\n<p><strong>\u00c0 partir de 12 semaines de cours, une remise sp\u00e9ciale de longue dur\u00e9e s\u2019applique.<\/strong><\/p>\n","protected":false},"excerpt":{"rendered":"<p>Cours th\u00e9orico-pratique, de 5 heures par jour,\u00a0 qui comprend dans sa premi\u00e8re partie des contenus grammaticaux, fonctionnels, lexicaux et discursifs, appliqu\u00e9s de mani\u00e8re pratique dans des contextes d&#8217;usage fr\u00e9quent et des situations communicatives significatives pour l&#8217;apprentissage de l&#8217;espagnol. Dans ce cours, toutes les comp\u00e9tences sont mises en pratique, tant \u00e0 l&#8217;oral qu&#8217;\u00e0 l&#8217;\u00e9crit. Il est [&hellip;]<\/p>\n","protected":false},"featured_media":0,"comment_status":"open","ping_status":"closed","template":"","meta":{"_acf_changed":false},"product_brand":[],"product_cat":[106,97],"product_tag":[112],"class_list":{"0":"post-783","1":"product","2":"type-product","3":"status-publish","5":"product_cat-cours","6":"product_cat-granada-fr","7":"product_tag-general-fr","9":"first","10":"instock","11":"shipping-taxable","12":"purchasable","13":"product-type-simple"},"acf":[],"_links":{"self":[{"href":"https:\/\/courses.proyectoespanol.com\/fr\/wp-json\/wp\/v2\/product\/783","targetHints":{"allow":["GET"]}}],"collection":[{"href":"https:\/\/courses.proyectoespanol.com\/fr\/wp-json\/wp\/v2\/product"}],"about":[{"href":"https:\/\/courses.proyectoespanol.com\/fr\/wp-json\/wp\/v2\/types\/product"}],"replies":[{"embeddable":true,"href":"https:\/\/courses.proyectoespanol.com\/fr\/wp-json\/wp\/v2\/comments?post=783"}],"wp:attachment":[{"href":"https:\/\/courses.proyectoespanol.com\/fr\/wp-json\/wp\/v2\/media?parent=783"}],"wp:term":[{"taxonomy":"product_brand","embeddable":true,"href":"https:\/\/courses.proyectoespanol.com\/fr\/wp-json\/wp\/v2\/product_brand?post=783"},{"taxonomy":"product_cat","embeddable":true,"href":"https:\/\/courses.proyectoespanol.com\/fr\/wp-json\/wp\/v2\/product_cat?post=783"},{"taxonomy":"product_tag","embeddable":true,"href":"https:\/\/courses.proyectoespanol.com\/fr\/wp-json\/wp\/v2\/product_tag?post=783"}],"curies":[{"name":"wp","href":"https:\/\/api.w.org\/{rel}","templated":true}]}}