{"id":768,"date":"2025-02-19T14:42:44","date_gmt":"2025-02-19T13:42:44","guid":{"rendered":"https:\/\/courses.proyectoespanol.com\/producto\/transfer-de-ida-o-vuelta-en-madrid-fr\/"},"modified":"2025-03-21T12:15:41","modified_gmt":"2025-03-21T11:15:41","slug":"transfer-de-ida-o-vuelta-en-madrid-fr","status":"publish","type":"product","link":"https:\/\/courses.proyectoespanol.com\/fr\/transfer-de-ida-o-vuelta-en-madrid-fr\/","title":{"rendered":"Transfert aller ou retour \u00e0 Madrid"},"content":{"rendered":"<p>En <strong>PROYECTO ESPA\u00d1OL<\/strong> ofrecemos un servicio de traslado para nuestros estudiantes, ya sea desde el aeropuerto o desde la estaci\u00f3n de tren\/autob\u00fas.<br \/>\nAl salir del avi\u00f3n y llegar a la terminal, alguien de la escuela estar\u00e1 esper\u00e1ndote con un cartel con tu nombre.<br \/>\nEl conductor te dejar\u00e1 en la puerta de tu alojamiento.<\/p>\n","protected":false},"excerpt":{"rendered":"<p>En PROYECTO ESPA\u00d1OL ofrecemos un servicio de traslado para nuestros estudiantes, ya sea desde el aeropuerto o desde la estaci\u00f3n de tren\/autob\u00fas. Al salir del avi\u00f3n y llegar a la terminal, alguien de la escuela estar\u00e1 esper\u00e1ndote con un cartel con tu nombre. El conductor te dejar\u00e1 en la puerta de tu alojamiento.<\/p>\n","protected":false},"featured_media":0,"comment_status":"open","ping_status":"closed","template":"","meta":{"_acf_changed":false},"product_brand":[],"product_cat":[100,108],"product_tag":[],"class_list":{"0":"post-768","1":"product","2":"type-product","3":"status-publish","5":"product_cat-madrid-fr","6":"product_cat-transfer-fr","8":"first","9":"instock","10":"shipping-taxable","11":"product-type-simple"},"acf":[],"_links":{"self":[{"href":"https:\/\/courses.proyectoespanol.com\/fr\/wp-json\/wp\/v2\/product\/768","targetHints":{"allow":["GET"]}}],"collection":[{"href":"https:\/\/courses.proyectoespanol.com\/fr\/wp-json\/wp\/v2\/product"}],"about":[{"href":"https:\/\/courses.proyectoespanol.com\/fr\/wp-json\/wp\/v2\/types\/product"}],"replies":[{"embeddable":true,"href":"https:\/\/courses.proyectoespanol.com\/fr\/wp-json\/wp\/v2\/comments?post=768"}],"wp:attachment":[{"href":"https:\/\/courses.proyectoespanol.com\/fr\/wp-json\/wp\/v2\/media?parent=768"}],"wp:term":[{"taxonomy":"product_brand","embeddable":true,"href":"https:\/\/courses.proyectoespanol.com\/fr\/wp-json\/wp\/v2\/product_brand?post=768"},{"taxonomy":"product_cat","embeddable":true,"href":"https:\/\/courses.proyectoespanol.com\/fr\/wp-json\/wp\/v2\/product_cat?post=768"},{"taxonomy":"product_tag","embeddable":true,"href":"https:\/\/courses.proyectoespanol.com\/fr\/wp-json\/wp\/v2\/product_tag?post=768"}],"curies":[{"name":"wp","href":"https:\/\/api.w.org\/{rel}","templated":true}]}}