{"id":747,"date":"2025-02-19T14:39:43","date_gmt":"2025-02-19T13:39:43","guid":{"rendered":"https:\/\/courses.proyectoespanol.com\/producto\/curso-bildungsurlaub-en-alicante-%c2%b7-255h-fr\/"},"modified":"2026-02-26T07:34:51","modified_gmt":"2026-02-26T06:34:51","slug":"cours-bildungsurlaub-espagnol-alicante-30h","status":"publish","type":"product","link":"https:\/\/courses.proyectoespanol.com\/fr\/cours-bildungsurlaub-espagnol-alicante-30h\/","title":{"rendered":"Cours Bildungsurlaub \u00e0 Alicante \u00b7 25+5h"},"content":{"rendered":"<p>Ce cours de 5 heures par jour en groupe plus 1 heure de travail individuel entre dans le cadre du cong\u00e9 formation dans divers \u00e9tats allemands : <strong>Berlin, Brandebourg, Br\u00eame, Hambourg, Rh\u00e9nanie-Palatinat et Sarre.<\/strong><\/p>\n<p>Dans ce type de cours, l\u2019\u00e9l\u00e8ve pratique la grammaire, le vocabulaire et les comp\u00e9tences de communication, ainsi que l\u2019interaction orale, la conversation et les aspects culturels d\u2019un point de vue de la communication.<\/p>\n<p>Pendant les deux heures suppl\u00e9mentaires l\u2019\u00e9l\u00e8ve travaille de forme autonome et individuelle, avec des supports sp\u00e9cifiquement pr\u00e9par\u00e9s pour lui.<\/p>\n<p>Cette seconde partie est supervis\u00e9e, mais l\u2019\u00e9tudiant n\u2019a pas un professeur \u00e0 plein temps avec lui.<\/p>\n","protected":false},"excerpt":{"rendered":"<p>Ce cours de 5 heures par jour en groupe plus 1 heure de travail individuel entre dans le cadre du cong\u00e9 formation dans divers \u00e9tats allemands : Berlin, Brandebourg, Br\u00eame, Hambourg, Rh\u00e9nanie-Palatinat et Sarre. Dans ce type de cours, l\u2019\u00e9l\u00e8ve pratique la grammaire, le vocabulaire et les comp\u00e9tences de communication, ainsi que l\u2019interaction orale, la [&hellip;]<\/p>\n","protected":false},"featured_media":0,"comment_status":"open","ping_status":"closed","template":"","meta":{"_acf_changed":false},"product_brand":[],"product_cat":[93,106],"product_tag":[116],"class_list":{"0":"post-747","1":"product","2":"type-product","3":"status-publish","5":"product_cat-alicante-fr","6":"product_cat-cours","7":"product_tag-specific-fr","9":"first","10":"instock","11":"shipping-taxable","12":"purchasable","13":"product-type-simple"},"acf":[],"_links":{"self":[{"href":"https:\/\/courses.proyectoespanol.com\/fr\/wp-json\/wp\/v2\/product\/747","targetHints":{"allow":["GET"]}}],"collection":[{"href":"https:\/\/courses.proyectoespanol.com\/fr\/wp-json\/wp\/v2\/product"}],"about":[{"href":"https:\/\/courses.proyectoespanol.com\/fr\/wp-json\/wp\/v2\/types\/product"}],"replies":[{"embeddable":true,"href":"https:\/\/courses.proyectoespanol.com\/fr\/wp-json\/wp\/v2\/comments?post=747"}],"wp:attachment":[{"href":"https:\/\/courses.proyectoespanol.com\/fr\/wp-json\/wp\/v2\/media?parent=747"}],"wp:term":[{"taxonomy":"product_brand","embeddable":true,"href":"https:\/\/courses.proyectoespanol.com\/fr\/wp-json\/wp\/v2\/product_brand?post=747"},{"taxonomy":"product_cat","embeddable":true,"href":"https:\/\/courses.proyectoespanol.com\/fr\/wp-json\/wp\/v2\/product_cat?post=747"},{"taxonomy":"product_tag","embeddable":true,"href":"https:\/\/courses.proyectoespanol.com\/fr\/wp-json\/wp\/v2\/product_tag?post=747"}],"curies":[{"name":"wp","href":"https:\/\/api.w.org\/{rel}","templated":true}]}}