{"id":744,"date":"2025-02-19T14:39:07","date_gmt":"2025-02-19T13:39:07","guid":{"rendered":"https:\/\/courses.proyectoespanol.com\/producto\/curso-superintensivo-en-alicante-%c2%b7-2510h-fr\/"},"modified":"2026-02-26T07:44:26","modified_gmt":"2026-02-26T06:44:26","slug":"cours-super-intensif-espagnol-alicante-35h","status":"publish","type":"product","link":"https:\/\/courses.proyectoespanol.com\/fr\/cours-super-intensif-espagnol-alicante-35h\/","title":{"rendered":"Cours Super- Int\u00e9nsif Alicante \u00b7 25+10h"},"content":{"rendered":"<p><strong>Ce cours, de 5 heures par jour en groupe et 2 heures avec un professeur particulier<\/strong>, est orient\u00e9 autant vers les concepts grammaticaux, le vocabulaire et les fonctions communicatives qu\u2019\u00e0 l\u2019interaction orale, la conversation et les aspects culturels d\u2019un point de vu communicatif.<\/p>\n<p>De plus, avoir deux heures avec un professeur particulier offre la possibilit\u00e9 de s\u2019am\u00e9liorer dans n\u2019importe quel aspect de la langue, d\u2019approfondir n\u2019importe quel contenu et de r\u00e9soudre des doutes de forme personnelle.<\/p>\n<p>Ce cours peut \u00eatre reconnu comme \u00ab Bildungsurlaub \u00bb dans plusieurs \u00e9tats d\u2019Allemagne :\u00a0Berlin, Brandebourg, Br\u00eame, Hambourg, Hesse, Mecklembourg-Pom\u00e9ranie, Basse-Saxe, Rh\u00e9nanie<strong>&#8211;<\/strong>Palatinat, Sarre et Schleswig-Holstein.<\/p>\n","protected":false},"excerpt":{"rendered":"<p>Ce cours, de 5 heures par jour en groupe et 2 heures avec un professeur particulier, est orient\u00e9 autant vers les concepts grammaticaux, le vocabulaire et les fonctions communicatives qu\u2019\u00e0 l\u2019interaction orale, la conversation et les aspects culturels d\u2019un point de vu communicatif. De plus, avoir deux heures avec un professeur particulier offre la possibilit\u00e9 [&hellip;]<\/p>\n","protected":false},"featured_media":0,"comment_status":"open","ping_status":"closed","template":"","meta":{"_acf_changed":false},"product_brand":[],"product_cat":[93,106],"product_tag":[112],"class_list":{"0":"post-744","1":"product","2":"type-product","3":"status-publish","5":"product_cat-alicante-fr","6":"product_cat-cours","7":"product_tag-general-fr","9":"first","10":"instock","11":"shipping-taxable","12":"purchasable","13":"product-type-simple"},"acf":[],"_links":{"self":[{"href":"https:\/\/courses.proyectoespanol.com\/fr\/wp-json\/wp\/v2\/product\/744","targetHints":{"allow":["GET"]}}],"collection":[{"href":"https:\/\/courses.proyectoespanol.com\/fr\/wp-json\/wp\/v2\/product"}],"about":[{"href":"https:\/\/courses.proyectoespanol.com\/fr\/wp-json\/wp\/v2\/types\/product"}],"replies":[{"embeddable":true,"href":"https:\/\/courses.proyectoespanol.com\/fr\/wp-json\/wp\/v2\/comments?post=744"}],"wp:attachment":[{"href":"https:\/\/courses.proyectoespanol.com\/fr\/wp-json\/wp\/v2\/media?parent=744"}],"wp:term":[{"taxonomy":"product_brand","embeddable":true,"href":"https:\/\/courses.proyectoespanol.com\/fr\/wp-json\/wp\/v2\/product_brand?post=744"},{"taxonomy":"product_cat","embeddable":true,"href":"https:\/\/courses.proyectoespanol.com\/fr\/wp-json\/wp\/v2\/product_cat?post=744"},{"taxonomy":"product_tag","embeddable":true,"href":"https:\/\/courses.proyectoespanol.com\/fr\/wp-json\/wp\/v2\/product_tag?post=744"}],"curies":[{"name":"wp","href":"https:\/\/api.w.org\/{rel}","templated":true}]}}