{"id":738,"date":"2025-02-19T14:37:49","date_gmt":"2025-02-19T13:37:49","guid":{"rendered":"https:\/\/courses.proyectoespanol.com\/producto\/curso-de-preparacion-al-dele-en-barcelona-%c2%b7-205h-fr\/"},"modified":"2026-02-26T08:10:23","modified_gmt":"2026-02-26T07:10:23","slug":"preparation-dele-barcelone-20h","status":"publish","type":"product","link":"https:\/\/courses.proyectoespanol.com\/fr\/preparation-dele-barcelone-20h\/","title":{"rendered":"Cours de pr\u00e9paration D.E.L.E. \u00e0 Barcelona \u00b7 15+5h"},"content":{"rendered":"<p>Ce cours est destin\u00e9 aux \u00e9l\u00e8ves qui sont int\u00e9ress\u00e9s pour passer le DELE dans un des 6 niveaux qui leur correspond (A1, A2, B1, B2, C1 et C2).<\/p>\n<p>Le cours est constitu\u00e9 de 45 heures par jour. Dans la premi\u00e8re partie, de 3 heures par jour, l\u2019\u00e9l\u00e8ve pratique les concepts grammaticaux, le vocabulaire et les fonctions communicatives tout comme l\u2019interaction orale, la conversation et les aspects culturels d\u2019un point de vu communicatif.<\/p>\n<p>Dans la seconde partie, d\u2019une heure par jour, par groupe de 5 \u00e9l\u00e8ves maximum, nous approfondissons la structure du test officiel, nous travaillons sur les diff\u00e9rents contenus qui le composent, tant \u00e0 l\u2019oral qu\u2019\u00e0 l\u2019\u00e9crit, comme la mani\u00e8re dont le r\u00e9aliser et les strat\u00e9gies n\u00e9cessaires afin de r\u00e9ussir le test avec succ\u00e8s.<\/p>\n","protected":false},"excerpt":{"rendered":"<p>Ce cours est destin\u00e9 aux \u00e9l\u00e8ves qui sont int\u00e9ress\u00e9s pour passer le DELE dans un des 6 niveaux qui leur correspond (A1, A2, B1, B2, C1 et C2). Le cours est constitu\u00e9 de 45 heures par jour. Dans la premi\u00e8re partie, de 3 heures par jour, l\u2019\u00e9l\u00e8ve pratique les concepts grammaticaux, le vocabulaire et les [&hellip;]<\/p>\n","protected":false},"featured_media":0,"comment_status":"open","ping_status":"closed","template":"","meta":{"_acf_changed":false},"product_brand":[],"product_cat":[95,106],"product_tag":[116],"class_list":{"0":"post-738","1":"product","2":"type-product","3":"status-publish","5":"product_cat-barcelona-fr","6":"product_cat-cours","7":"product_tag-specific-fr","9":"first","10":"instock","11":"shipping-taxable","12":"purchasable","13":"product-type-simple"},"acf":[],"_links":{"self":[{"href":"https:\/\/courses.proyectoespanol.com\/fr\/wp-json\/wp\/v2\/product\/738","targetHints":{"allow":["GET"]}}],"collection":[{"href":"https:\/\/courses.proyectoespanol.com\/fr\/wp-json\/wp\/v2\/product"}],"about":[{"href":"https:\/\/courses.proyectoespanol.com\/fr\/wp-json\/wp\/v2\/types\/product"}],"replies":[{"embeddable":true,"href":"https:\/\/courses.proyectoespanol.com\/fr\/wp-json\/wp\/v2\/comments?post=738"}],"wp:attachment":[{"href":"https:\/\/courses.proyectoespanol.com\/fr\/wp-json\/wp\/v2\/media?parent=738"}],"wp:term":[{"taxonomy":"product_brand","embeddable":true,"href":"https:\/\/courses.proyectoespanol.com\/fr\/wp-json\/wp\/v2\/product_brand?post=738"},{"taxonomy":"product_cat","embeddable":true,"href":"https:\/\/courses.proyectoespanol.com\/fr\/wp-json\/wp\/v2\/product_cat?post=738"},{"taxonomy":"product_tag","embeddable":true,"href":"https:\/\/courses.proyectoespanol.com\/fr\/wp-json\/wp\/v2\/product_tag?post=738"}],"curies":[{"name":"wp","href":"https:\/\/api.w.org\/{rel}","templated":true}]}}