{"id":729,"date":"2025-02-19T14:34:34","date_gmt":"2025-02-19T13:34:34","guid":{"rendered":"https:\/\/courses.proyectoespanol.com\/producto\/curso-estandar-en-barcelona-%c2%b7-15h-fr\/"},"modified":"2026-02-26T08:11:30","modified_gmt":"2026-02-26T07:11:30","slug":"cours-espagnol-standard-barcelone-15h","status":"publish","type":"product","link":"https:\/\/courses.proyectoespanol.com\/fr\/cours-espagnol-standard-barcelone-15h\/","title":{"rendered":"Cours standard \u00e0 Barcelona \u00b7 15h"},"content":{"rendered":"<p>Cours th\u00e9orico-pratique, de 3 heures par jour, qui comprend des contenus grammaticaux, fonctionnels, lexicaux et discursifs, appliqu\u00e9s de mani\u00e8re pratique dans des contextes d&#8217;utilisation fr\u00e9quente et des situations communicatives significatives pour l&#8217;apprentissage de l&#8217;espagnol. Dans ce cours, toutes les comp\u00e9tences sont mises en pratique, tant \u00e0 l&#8217;oral qu&#8217;\u00e0 l&#8217;\u00e9crit. Il est enseign\u00e9 avec une m\u00e9thodologie communicative orient\u00e9e vers l&#8217;action, la participation active des \u00e9tudiants et le d\u00e9veloppement de strat\u00e9gies d&#8217;apprentissage.<\/p>\n","protected":false},"excerpt":{"rendered":"<p>Cours th\u00e9orico-pratique, de 3 heures par jour, qui comprend des contenus grammaticaux, fonctionnels, lexicaux et discursifs, appliqu\u00e9s de mani\u00e8re pratique dans des contextes d&#8217;utilisation fr\u00e9quente et des situations communicatives significatives pour l&#8217;apprentissage de l&#8217;espagnol. Dans ce cours, toutes les comp\u00e9tences sont mises en pratique, tant \u00e0 l&#8217;oral qu&#8217;\u00e0 l&#8217;\u00e9crit. Il est enseign\u00e9 avec une m\u00e9thodologie [&hellip;]<\/p>\n","protected":false},"featured_media":0,"comment_status":"open","ping_status":"closed","template":"","meta":{"_acf_changed":false},"product_brand":[],"product_cat":[95,106],"product_tag":[112],"class_list":{"0":"post-729","1":"product","2":"type-product","3":"status-publish","5":"product_cat-barcelona-fr","6":"product_cat-cours","7":"product_tag-general-fr","9":"first","10":"instock","11":"shipping-taxable","12":"purchasable","13":"product-type-simple"},"acf":[],"_links":{"self":[{"href":"https:\/\/courses.proyectoespanol.com\/fr\/wp-json\/wp\/v2\/product\/729","targetHints":{"allow":["GET"]}}],"collection":[{"href":"https:\/\/courses.proyectoespanol.com\/fr\/wp-json\/wp\/v2\/product"}],"about":[{"href":"https:\/\/courses.proyectoespanol.com\/fr\/wp-json\/wp\/v2\/types\/product"}],"replies":[{"embeddable":true,"href":"https:\/\/courses.proyectoespanol.com\/fr\/wp-json\/wp\/v2\/comments?post=729"}],"wp:attachment":[{"href":"https:\/\/courses.proyectoespanol.com\/fr\/wp-json\/wp\/v2\/media?parent=729"}],"wp:term":[{"taxonomy":"product_brand","embeddable":true,"href":"https:\/\/courses.proyectoespanol.com\/fr\/wp-json\/wp\/v2\/product_brand?post=729"},{"taxonomy":"product_cat","embeddable":true,"href":"https:\/\/courses.proyectoespanol.com\/fr\/wp-json\/wp\/v2\/product_cat?post=729"},{"taxonomy":"product_tag","embeddable":true,"href":"https:\/\/courses.proyectoespanol.com\/fr\/wp-json\/wp\/v2\/product_tag?post=729"}],"curies":[{"name":"wp","href":"https:\/\/api.w.org\/{rel}","templated":true}]}}