{"id":702,"date":"2025-02-19T14:21:10","date_gmt":"2025-02-19T13:21:10","guid":{"rendered":"https:\/\/courses.proyectoespanol.com\/producto\/curso-superintensivo-en-granada-%c2%b7-255h-fr\/"},"modified":"2026-02-26T08:05:43","modified_gmt":"2026-02-26T07:05:43","slug":"cours-super-intensif-espagnol-grenade-30h","status":"publish","type":"product","link":"https:\/\/courses.proyectoespanol.com\/fr\/cours-super-intensif-espagnol-grenade-30h\/","title":{"rendered":"Cours superintensif \u00e0 Granada \u00b7 25+5h"},"content":{"rendered":"<p>Ce cours, de 5 heures par jour en groupe et 1 heure avec un professeur particulier, est orient\u00e9 autant vers les concepts grammaticaux, le vocabulaire, et les fonctions communicatives, qu\u2019\u00e0 l\u2019interaction orale, la conversation et les aspects culturels d\u2019un point de vue communicatif.<\/p>\n<p>De plus, il offre la possibilit\u00e9 de s\u2019am\u00e9liorer et d\u2019approfondir certains contenus en r\u00e9solvant des doutes, de forme personnelle dans le cours particulier o\u00f9 l\u2019\u00e9l\u00e8ve aura un professeur pour lui seul. Ce cours peut \u00eatre reconnu comme \u00ab Bildungsurlaub \u00bb dans plusieurs \u00e9tats d\u2019Allemagne:\u00a0Berlin, Brandebourg, Br\u00eame, Hambourg, Rh\u00e9nanie-Palatinat et Sarre.<\/p>\n<p><strong>\u00c0 partir de 12 semaines de cours, une remise sp\u00e9ciale de longue dur\u00e9e s\u2019applique.<\/strong><\/p>\n","protected":false},"excerpt":{"rendered":"<p>Ce cours, de 5 heures par jour en groupe et 1 heure avec un professeur particulier, est orient\u00e9 autant vers les concepts grammaticaux, le vocabulaire, et les fonctions communicatives, qu\u2019\u00e0 l\u2019interaction orale, la conversation et les aspects culturels d\u2019un point de vue communicatif. De plus, il offre la possibilit\u00e9 de s\u2019am\u00e9liorer et d\u2019approfondir certains contenus [&hellip;]<\/p>\n","protected":false},"featured_media":0,"comment_status":"open","ping_status":"closed","template":"","meta":{"_acf_changed":false},"product_brand":[],"product_cat":[106,97],"product_tag":[112],"class_list":{"0":"post-702","1":"product","2":"type-product","3":"status-publish","5":"product_cat-cours","6":"product_cat-granada-fr","7":"product_tag-general-fr","9":"first","10":"instock","11":"shipping-taxable","12":"purchasable","13":"product-type-simple"},"acf":[],"_links":{"self":[{"href":"https:\/\/courses.proyectoespanol.com\/fr\/wp-json\/wp\/v2\/product\/702","targetHints":{"allow":["GET"]}}],"collection":[{"href":"https:\/\/courses.proyectoespanol.com\/fr\/wp-json\/wp\/v2\/product"}],"about":[{"href":"https:\/\/courses.proyectoespanol.com\/fr\/wp-json\/wp\/v2\/types\/product"}],"replies":[{"embeddable":true,"href":"https:\/\/courses.proyectoespanol.com\/fr\/wp-json\/wp\/v2\/comments?post=702"}],"wp:attachment":[{"href":"https:\/\/courses.proyectoespanol.com\/fr\/wp-json\/wp\/v2\/media?parent=702"}],"wp:term":[{"taxonomy":"product_brand","embeddable":true,"href":"https:\/\/courses.proyectoespanol.com\/fr\/wp-json\/wp\/v2\/product_brand?post=702"},{"taxonomy":"product_cat","embeddable":true,"href":"https:\/\/courses.proyectoespanol.com\/fr\/wp-json\/wp\/v2\/product_cat?post=702"},{"taxonomy":"product_tag","embeddable":true,"href":"https:\/\/courses.proyectoespanol.com\/fr\/wp-json\/wp\/v2\/product_tag?post=702"}],"curies":[{"name":"wp","href":"https:\/\/api.w.org\/{rel}","templated":true}]}}