{"id":693,"date":"2025-02-19T14:17:06","date_gmt":"2025-02-19T13:17:06","guid":{"rendered":"https:\/\/courses.proyectoespanol.com\/producto\/curso-de-conversacion-en-alicante-%c2%b7-10h-fr\/"},"modified":"2026-02-26T07:35:03","modified_gmt":"2026-02-26T06:35:03","slug":"cours-conversation-espagnol-alicante-10h","status":"publish","type":"product","link":"https:\/\/courses.proyectoespanol.com\/fr\/cours-conversation-espagnol-alicante-10h\/","title":{"rendered":"Cours de conversation \u00e0 Alicante \u00b7 10h"},"content":{"rendered":"<p>Cours de conversation \u2013 2 heures par jour, du lundi au vendredi<\/p>\n<p>Ce cours combine la pratique des comp\u00e9tences orales dans des situations de communication avec des contenus d\u2019usage courant, ainsi que des r\u00e9f\u00e9rences socio-culturelles du monde hispanophone. Il favorise l\u2019interaction orale aussi bien en classe qu\u2019en dehors. Les participants travaillent des contenus discursifs, fonctionnels et lexicaux, ainsi que la prononciation, le langage courant, les expressions idiomatiques, les proverbes, etc.<\/p>\n<p>Ce cours est accessible aux \u00e9tudiants ayant une comp\u00e9tence orale de niveau A2. \u00c9tant donn\u00e9 qu\u2019il ne comprend pas de contenu grammatical, nous recommandons aux niveaux les plus bas de le combiner avec le cours standard.<\/p>\n<p><strong>\u00c0 partir de 12 semaines de cours, une remise sp\u00e9ciale de longue dur\u00e9e s\u2019applique.<\/strong><\/p>\n","protected":false},"excerpt":{"rendered":"<p>Cours de conversation \u2013 2 heures par jour, du lundi au vendredi Ce cours combine la pratique des comp\u00e9tences orales dans des situations de communication avec des contenus d\u2019usage courant, ainsi que des r\u00e9f\u00e9rences socio-culturelles du monde hispanophone. Il favorise l\u2019interaction orale aussi bien en classe qu\u2019en dehors. Les participants travaillent des contenus discursifs, fonctionnels [&hellip;]<\/p>\n","protected":false},"featured_media":0,"comment_status":"open","ping_status":"closed","template":"","meta":{"_acf_changed":false},"product_brand":[],"product_cat":[93,106],"product_tag":[112],"class_list":{"0":"post-693","1":"product","2":"type-product","3":"status-publish","5":"product_cat-alicante-fr","6":"product_cat-cours","7":"product_tag-general-fr","9":"first","10":"instock","11":"shipping-taxable","12":"purchasable","13":"product-type-simple"},"acf":[],"_links":{"self":[{"href":"https:\/\/courses.proyectoespanol.com\/fr\/wp-json\/wp\/v2\/product\/693","targetHints":{"allow":["GET"]}}],"collection":[{"href":"https:\/\/courses.proyectoespanol.com\/fr\/wp-json\/wp\/v2\/product"}],"about":[{"href":"https:\/\/courses.proyectoespanol.com\/fr\/wp-json\/wp\/v2\/types\/product"}],"replies":[{"embeddable":true,"href":"https:\/\/courses.proyectoespanol.com\/fr\/wp-json\/wp\/v2\/comments?post=693"}],"wp:attachment":[{"href":"https:\/\/courses.proyectoespanol.com\/fr\/wp-json\/wp\/v2\/media?parent=693"}],"wp:term":[{"taxonomy":"product_brand","embeddable":true,"href":"https:\/\/courses.proyectoespanol.com\/fr\/wp-json\/wp\/v2\/product_brand?post=693"},{"taxonomy":"product_cat","embeddable":true,"href":"https:\/\/courses.proyectoespanol.com\/fr\/wp-json\/wp\/v2\/product_cat?post=693"},{"taxonomy":"product_tag","embeddable":true,"href":"https:\/\/courses.proyectoespanol.com\/fr\/wp-json\/wp\/v2\/product_tag?post=693"}],"curies":[{"name":"wp","href":"https:\/\/api.w.org\/{rel}","templated":true}]}}