{"id":4455,"date":"2026-03-09T13:54:58","date_gmt":"2026-03-09T12:54:58","guid":{"rendered":"https:\/\/courses.proyectoespanol.com\/curso-de-preparacion-al-examen-abitur-en-granada-30h-fr\/"},"modified":"2026-03-09T14:03:10","modified_gmt":"2026-03-09T13:03:10","slug":"curso-de-preparacion-al-examen-abitur-en-granada-30h","status":"publish","type":"product","link":"https:\/\/courses.proyectoespanol.com\/fr\/curso-de-preparacion-al-examen-abitur-en-granada-30h\/","title":{"rendered":"Cours Abitur \u00e0 Grenade\u00b7 25+5h"},"content":{"rendered":"<div class=\"product-header-full\">\n<div class=\"product-description\">\n<p>Le cours est s\u00e9par\u00e9 en deux parties. La premi\u00e8re partie contient 5 sessions de 50 minutes dans un groupe de 10 participants maximum dans lequel les \u00e9tudiants peuvent am\u00e9liorer leur comp\u00e9tences en espagnol en terme de grammaire, vocabulaire, conversation et culture. La seconde partie comprend une le\u00e7on de 50 minutes, dans un groupe de 5 participants maximum, par jour dans laquelle les \u00e9tudiants travaillent sur des sujets et exercices de l\u2019Abiturpr\u00fcfung Spanisch que le professeur aura choisi en amont.<\/p>\n<p>Nous sommes bien inform\u00e9s sur les normes et les\u00a0lignes directrices du Zentrale Abiturpr\u00fcfing, \u00e0 propos des crit\u00e8res d\u2019examens (EPA) et des demandes de chaque \u00e9tat f\u00e9d\u00e9ral en Allemagne. Ainsi, nous pouvons offrir des le\u00e7ons adapt\u00e9es aux besoins de chaque \u00e9tudiant et chaque groupe afin de les pr\u00e9parer au mieux et individuellement aux examens.<\/p>\n<p>L\u2019objectif est d\u2019apprendre et s\u2019entra\u00eener autant \u00e0 l\u2019oral qu\u2019\u00e0 l\u2019\u00e9crit sur les formulations typiques afin de bien s\u2019exprimer et r\u00e9pondre au mieux aux questions de l\u2019examen. Nous utilisons pour cela du mat\u00e9riel semblable \u00e0 celui utilis\u00e9 dans les t\u00e2ches de l\u2019Abiturpr\u00fcfung.<\/p>\n<\/div>\n<\/div>\n<div id=\"product-852\" class=\"product type-product post-852 status-publish instock product_cat-alicante-fr product_cat-cours product_tag-specific-fr shipping-taxable purchasable product-type-simple\">\n<div class=\"woocommerce-before-single-product-summary\">\n<div id=\"order-summary\" class=\"order-summary custom-summary\"><\/div>\n<\/div>\n<div class=\"summary entry-summary\">S\u00e9lectionnez toutes les options et cliquez sur &#8220;Calculer&#8221; pour obtenir le devis du cours.<\/div>\n<\/div>\n","protected":false},"excerpt":{"rendered":"<p>Le cours est s\u00e9par\u00e9 en deux parties. La premi\u00e8re partie contient 5 sessions de 50 minutes dans un groupe de 10 participants maximum dans lequel les \u00e9tudiants peuvent am\u00e9liorer leur comp\u00e9tences en espagnol en terme de grammaire, vocabulaire, conversation et culture. La seconde partie comprend une le\u00e7on de 50 minutes, dans un groupe de 5 [&hellip;]<\/p>\n","protected":false},"featured_media":0,"comment_status":"open","ping_status":"closed","template":"","meta":{"_acf_changed":false},"product_brand":[],"product_cat":[106,97],"product_tag":[116],"class_list":{"0":"post-4455","1":"product","2":"type-product","3":"status-publish","5":"product_cat-cours","6":"product_cat-granada-fr","7":"product_tag-specific-fr","9":"first","10":"instock","11":"shipping-taxable","12":"purchasable","13":"product-type-simple"},"acf":[],"_links":{"self":[{"href":"https:\/\/courses.proyectoespanol.com\/fr\/wp-json\/wp\/v2\/product\/4455","targetHints":{"allow":["GET"]}}],"collection":[{"href":"https:\/\/courses.proyectoespanol.com\/fr\/wp-json\/wp\/v2\/product"}],"about":[{"href":"https:\/\/courses.proyectoespanol.com\/fr\/wp-json\/wp\/v2\/types\/product"}],"replies":[{"embeddable":true,"href":"https:\/\/courses.proyectoespanol.com\/fr\/wp-json\/wp\/v2\/comments?post=4455"}],"wp:attachment":[{"href":"https:\/\/courses.proyectoespanol.com\/fr\/wp-json\/wp\/v2\/media?parent=4455"}],"wp:term":[{"taxonomy":"product_brand","embeddable":true,"href":"https:\/\/courses.proyectoespanol.com\/fr\/wp-json\/wp\/v2\/product_brand?post=4455"},{"taxonomy":"product_cat","embeddable":true,"href":"https:\/\/courses.proyectoespanol.com\/fr\/wp-json\/wp\/v2\/product_cat?post=4455"},{"taxonomy":"product_tag","embeddable":true,"href":"https:\/\/courses.proyectoespanol.com\/fr\/wp-json\/wp\/v2\/product_tag?post=4455"}],"curies":[{"name":"wp","href":"https:\/\/api.w.org\/{rel}","templated":true}]}}