{"id":4264,"date":"2026-02-10T12:05:41","date_gmt":"2026-02-10T11:05:41","guid":{"rendered":"https:\/\/courses.proyectoespanol.com\/producto\/curso-de-espanol-didactica-en-granada-255h-fr\/"},"modified":"2026-02-26T07:57:17","modified_gmt":"2026-02-26T06:57:17","slug":"cours-stage-enseignement-espagnol-grenade-20h","status":"publish","type":"product","link":"https:\/\/courses.proyectoespanol.com\/fr\/cours-stage-enseignement-espagnol-grenade-20h\/","title":{"rendered":"Cours d&#8217;espagnol + le\u00e7ons d&#8217;enseignement \u00e0 Grenade\u00b7 15+5h"},"content":{"rendered":"<p>Ce programme s&#8217;adresse aux personnes souhaitant effectuer un stage dans le secteur de l&#8217;enseignement.<\/p>\n<p><strong>\u00c0 qui il est adress\u00e9:<\/strong><\/p>\n<p>Aux etudiants de Science de L&#8217; \u00c9ducation ou\u00a0 professeur natifs,\u00a0 ou avec un niveau C1 minimun d, espagnol\u00a0 qu&#8217; actuellement travaillent comme professeurs d, Espagnol\u00a0 comme langue \u00e9trang\u00e8re et qui souhaitent\u00a0 am\u00e9liorer, d\u00e9velopper et recycler ses connaissances et ses competentes dans l&#8217; enseignement de la langue espagnole.<\/p>\n<p><strong>Le cours comprend:<\/strong><\/p>\n<ul>\n<li data-start=\"23\" data-end=\"117\">3 le\u00e7ons quotidiennes pendant lesquelles les \u00e9tudiants observeront et donneront des cours.<\/li>\n<li data-start=\"118\" data-end=\"288\" data-is-last-node=\"\">1 session quotidienne (en mini-groupes de 5 \u00e9tudiants maximum) pour am\u00e9liorer leurs comp\u00e9tences p\u00e9dagogiques gr\u00e2ce \u00e0 diff\u00e9rentes techniques et technologies didactiques.<\/li>\n<\/ul>\n<p><strong>Objectifs des cours<\/strong>\u00a0: L\u2019objectif premier de ces cours est que l\u2019\u00e9l\u00e8ve apprenne ou am\u00e9liore ses techniques d\u2019enseignement. Pour cela nous aborderons les aspects suivants : le travail de groupe, les connaissances linguistiques, la planification des classes, l\u2019analyse de mat\u00e9riel p\u00e9dagogique, les techniques de communication, les mati\u00e8res \u00e0 enseigner pour chaque niveau.<\/p>\n<p><strong>Contenu de la cession sp\u00e9cifique des cours pour professeurs<\/strong>\u00a0:<\/p>\n<ul>\n<li>Description th\u00e9orique des niveaux, br\u00e8ve explication du mod\u00e8le de r\u00e9f\u00e9rence europ\u00e9en pour l\u2019apprentissage, l\u2019enseignement et l\u2019\u00e9valuation des langues : contenu, objectif, \u00e9valuation\u2026<\/li>\n<li>Ateliers pratiques et planification de classe : les supports recueillis et exp\u00e9riment\u00e9s dans nos salles de classes seront mis \u00e0 la disposition des professeurs pour qu\u2019ils puissent les exploiter dans leurs classes respectives, en les adaptant si n\u00e9cessaire au niveau et \u00e0 la nationalit\u00e9 de l\u2019\u00e9l\u00e8ve. Comment aborder les classes de conversation en groupe en prenant en compte la difficult\u00e9 qu\u2019implique un nombre trop \u00e9lev\u00e9 d\u2019\u00e9l\u00e8ves pour un enseignement r\u00e9glement\u00e9.<\/li>\n<li>Les difficult\u00e9s de la grammaire espagnole : usage des temps du pass\u00e9, subjonctif, verbes \u00ab ser \u00bb et \u00ab estar \u00bb, r\u00e9solution de probl\u00e8mes.<\/li>\n<\/ul>\n<p>&nbsp;<\/p>\n<p><strong>Certificat<\/strong>\u00a0: A la fin du cours, l\u2019\u00e9tudiant recevra un certificat de notre \u00e9cole o\u00f9 seront sp\u00e9cifi\u00e9s le nombre d\u2019heures, les dates et le niveau de langue. Il sera mentionn\u00e9 que notre \u00e9cole est un centre accr\u00e9dit\u00e9 par l\u2019institut CERVANTES.<\/p>\n","protected":false},"excerpt":{"rendered":"<p>Ce programme s&#8217;adresse aux personnes souhaitant effectuer un stage dans le secteur de l&#8217;enseignement. \u00c0 qui il est adress\u00e9: Aux etudiants de Science de L&#8217; \u00c9ducation ou\u00a0 professeur natifs,\u00a0 ou avec un niveau C1 minimun d, espagnol\u00a0 qu&#8217; actuellement travaillent comme professeurs d, Espagnol\u00a0 comme langue \u00e9trang\u00e8re et qui souhaitent\u00a0 am\u00e9liorer, d\u00e9velopper et recycler ses [&hellip;]<\/p>\n","protected":false},"featured_media":0,"comment_status":"open","ping_status":"closed","template":"","meta":{"_acf_changed":false},"product_brand":[],"product_cat":[106,97],"product_tag":[116],"class_list":{"0":"post-4264","1":"product","2":"type-product","3":"status-publish","5":"product_cat-cours","6":"product_cat-granada-fr","7":"product_tag-specific-fr","9":"first","10":"instock","11":"shipping-taxable","12":"purchasable","13":"product-type-simple"},"acf":[],"_links":{"self":[{"href":"https:\/\/courses.proyectoespanol.com\/fr\/wp-json\/wp\/v2\/product\/4264","targetHints":{"allow":["GET"]}}],"collection":[{"href":"https:\/\/courses.proyectoespanol.com\/fr\/wp-json\/wp\/v2\/product"}],"about":[{"href":"https:\/\/courses.proyectoespanol.com\/fr\/wp-json\/wp\/v2\/types\/product"}],"replies":[{"embeddable":true,"href":"https:\/\/courses.proyectoespanol.com\/fr\/wp-json\/wp\/v2\/comments?post=4264"}],"wp:attachment":[{"href":"https:\/\/courses.proyectoespanol.com\/fr\/wp-json\/wp\/v2\/media?parent=4264"}],"wp:term":[{"taxonomy":"product_brand","embeddable":true,"href":"https:\/\/courses.proyectoespanol.com\/fr\/wp-json\/wp\/v2\/product_brand?post=4264"},{"taxonomy":"product_cat","embeddable":true,"href":"https:\/\/courses.proyectoespanol.com\/fr\/wp-json\/wp\/v2\/product_cat?post=4264"},{"taxonomy":"product_tag","embeddable":true,"href":"https:\/\/courses.proyectoespanol.com\/fr\/wp-json\/wp\/v2\/product_tag?post=4264"}],"curies":[{"name":"wp","href":"https:\/\/api.w.org\/{rel}","templated":true}]}}