{"id":2221,"date":"2025-05-13T10:15:53","date_gmt":"2025-05-13T08:15:53","guid":{"rendered":"https:\/\/courses.proyectoespanol.com\/?page_id=2221"},"modified":"2025-05-13T10:33:03","modified_gmt":"2025-05-13T08:33:03","slug":"avis-juridique-2","status":"publish","type":"page","link":"https:\/\/courses.proyectoespanol.com\/fr\/avis-juridique-2\/","title":{"rendered":"Accessibilit\u00e9"},"content":{"rendered":"\n\n\n\n  <meta charset=\"UTF-8\"\/>\n  <meta name=\"viewport\" content=\"width=device-width, initial-scale=1\"\/>\n  <title>D\u00e9claration d&#8217;accessibilit\u00e9<\/title>\n\n\n  <main>\n    <h2>D\u00e9claration d&#8217;accessibilit\u00e9<\/h2>\n\n    <p><strong>ALC PROYECTO ESPA\u00d1OL, S.L.<\/strong> s&#8217;engage \u00e0 rendre son site web accessible, conform\u00e9ment au <strong>d\u00e9cret royal 1112\/2018<\/strong>, du 7 septembre, sur l&#8217;accessibilit\u00e9 des sites web et des applications du secteur public pour les appareils mobiles, qui transpose la <strong>directive (UE) 2016\/2102 <\/strong> du Parlement europ\u00e9en et du Conseil.<\/p>\n\n    <p>La pr\u00e9sente d\u00e9claration d&#8217;accessibilit\u00e9 s&#8217;applique au site web :<\/p>\n    <p><a href=\"https:\/\/courses.proyectoespanol.com\/fr\/\">https:\/\/courses.proyectoespanol.com\/<\/a><\/p>\n\n    <h3>1. \u00c9tat de conformit\u00e9<\/h3>\n    <p>Ce site web est <strong>partiellement conforme <\/strong> au d\u00e9cret royal 1112\/2018, car certaines exigences en mati\u00e8re d&#8217;accessibilit\u00e9 <strong>ne sont pas applicables <\/strong> en raison de la nature du contenu.<\/p>\n\n    <h3>2. Contenu non accessible<\/h3>\n    <p>Ce site ne contient pas de contenu contraire aux exigences d&#8217;accessibilit\u00e9. Les fonctionnalit\u00e9s potentiellement non conformes sont li\u00e9es \u00e0 des caract\u00e9ristiques <strong>qui ne sont pas mises en \u0153uvre sur ce site<\/strong>, telles que : <\/p>\n    <ul>\n      <li>Multim\u00e9dia synchronis\u00e9 (vid\u00e9os avec audiodescription ou sous-titres).<\/li>\n      <li>Formulaires complexes avec validations automatiques.<\/li>\n      <li>Applications interactives ou cartes int\u00e9gr\u00e9es.<\/li>\n    <\/ul>\n    <p>Par cons\u00e9quent, la clause du contenu non conforme et l&#8217;exception de la charge disproportionn\u00e9e ne s&#8217;appliquent pas.<\/p>\n\n    <h3>3. Pr\u00e9paration de la pr\u00e9sente d\u00e9claration d&#8217;accessibilit\u00e9<\/h3>\n    <p>Cette d\u00e9claration a \u00e9t\u00e9 pr\u00e9par\u00e9e le <strong>10 mai 2025<\/strong>.<\/p>\n    <p>La m\u00e9thode utilis\u00e9e a consist\u00e9 en une <strong>auto-\u00e9valuation interne <\/strong> \u00e0 l&#8217;aide d&#8217;outils automatis\u00e9s et d&#8217;un examen manuel.<\/p>\n    <p>Derni\u00e8re r\u00e9vision de la d\u00e9claration : <strong>12 mai 2025<\/strong>.<\/p>\n\n    <h3>4. Remarques et coordonn\u00e9es<\/h3>\n    <p>Si vous rencontrez des difficult\u00e9s pour acc\u00e9der \u00e0 ce site web, vous pouvez le signaler et demander des informations alternatives accessibles par les moyens suivants :<\/p>\n    <ul>\n      <li><strong>Adresse \u00e9lectronique:<\/strong> <a href=\"mailto:info@proyecto-es.com\">info@proyecto-es.com<\/a><\/li>\n      <li><strong>Formulaire de contact:<\/strong> <a href=\"https:\/\/courses.proyectoespanol.com\/contacto\/\">https:\/\/courses.proyectoespanol.com\/contacto\/<\/a><\/li>\n      <li><strong>T\u00e9l\u00e9phone:<\/strong> 965 230 655<\/li>\n    <\/ul>\n\n    <h3>5. Proc\u00e9dure de candidature<\/h3>\n    <p>Si vous n&#8217;\u00eates pas satisfait de la r\u00e9ponse \u00e0 une communication, vous pouvez d\u00e9poser une plainte au si\u00e8ge \u00e9lectronique du Conseil pour la transparence et la bonne gouvernance :<\/p>\n    <p><a href=\"https:\/\/www.consejodetransparencia.es\/\" target=\"_blank\" rel=\"noopener\">https:\/\/www.consejodetransparencia.es\/<\/a><\/p>\n\n    <h3>6. Informations compl\u00e9mentaires<\/h3>\n    <p>Le site web a \u00e9t\u00e9 con\u00e7u selon les principes de l&#8217;accessibilit\u00e9 universelle et prend en charge les technologies d&#8217;assistance telles que les lecteurs d&#8217;\u00e9cran, la navigation au clavier et les loupes d&#8217;\u00e9cran. En outre, des examens r\u00e9guliers sont effectu\u00e9s pour garantir son bon fonctionnement et son am\u00e9lioration continue. <\/p>\n  <\/main>\n\n\n\n","protected":false},"excerpt":{"rendered":"<p>D\u00e9claration d&#8217;accessibilit\u00e9 D\u00e9claration d&#8217;accessibilit\u00e9 ALC PROYECTO ESPA\u00d1OL, S.L. s&#8217;engage \u00e0 rendre son site web accessible, conform\u00e9ment au d\u00e9cret royal 1112\/2018, du 7 septembre, sur l&#8217;accessibilit\u00e9 des sites web et des applications du secteur public pour les appareils mobiles, qui transpose la directive (UE) 2016\/2102 du Parlement europ\u00e9en et du Conseil. La pr\u00e9sente d\u00e9claration d&#8217;accessibilit\u00e9 s&#8217;applique [&hellip;]<\/p>\n","protected":false},"author":1,"featured_media":0,"parent":0,"menu_order":0,"comment_status":"closed","ping_status":"closed","template":"","meta":{"_acf_changed":false,"footnotes":""},"class_list":["post-2221","page","type-page","status-publish","hentry"],"acf":[],"_links":{"self":[{"href":"https:\/\/courses.proyectoespanol.com\/fr\/wp-json\/wp\/v2\/pages\/2221","targetHints":{"allow":["GET"]}}],"collection":[{"href":"https:\/\/courses.proyectoespanol.com\/fr\/wp-json\/wp\/v2\/pages"}],"about":[{"href":"https:\/\/courses.proyectoespanol.com\/fr\/wp-json\/wp\/v2\/types\/page"}],"author":[{"embeddable":true,"href":"https:\/\/courses.proyectoespanol.com\/fr\/wp-json\/wp\/v2\/users\/1"}],"replies":[{"embeddable":true,"href":"https:\/\/courses.proyectoespanol.com\/fr\/wp-json\/wp\/v2\/comments?post=2221"}],"version-history":[{"count":3,"href":"https:\/\/courses.proyectoespanol.com\/fr\/wp-json\/wp\/v2\/pages\/2221\/revisions"}],"predecessor-version":[{"id":2239,"href":"https:\/\/courses.proyectoespanol.com\/fr\/wp-json\/wp\/v2\/pages\/2221\/revisions\/2239"}],"wp:attachment":[{"href":"https:\/\/courses.proyectoespanol.com\/fr\/wp-json\/wp\/v2\/media?parent=2221"}],"curies":[{"name":"wp","href":"https:\/\/api.w.org\/{rel}","templated":true}]}}