{"id":1183,"date":"2025-02-17T14:33:39","date_gmt":"2025-02-17T13:33:39","guid":{"rendered":"https:\/\/courses.proyectoespanol.com\/avis-juridique\/"},"modified":"2025-05-13T10:19:28","modified_gmt":"2025-05-13T08:19:28","slug":"avis-juridique","status":"publish","type":"page","link":"https:\/\/courses.proyectoespanol.com\/fr\/avis-juridique\/","title":{"rendered":"Avis juridique"},"content":{"rendered":"\n<p>Conform\u00e9ment \u00e0 l&#8217;article 10 de la loi 34\/2002, du 11 juillet, sur les services de la soci\u00e9t\u00e9 de l&#8217;information et le commerce \u00e9lectronique (LSSICE), les donn\u00e9es d&#8217;identification de l&#8217;entit\u00e9 ou de la personne propri\u00e9taire de ce site Web sont indiqu\u00e9es ci-dessous.<\/p>\n\n<p>Nom ou raison sociale : ALC PROYECTO ESPA\u00d1OL,S.L.<br\/>CIF\/NIF : B53452132<br\/>Adresse du si\u00e8ge social : C\/ JOS\u00c9 GUTI\u00c9RREZ PET\u00c9N 41 ENTLO 3004 ALICANTE ALICANTE<br\/>T\u00e9l\u00e9phone : 965230655<br\/>E_mail : INFO@PROYECTO-ES.COM<\/p>\n\n<p>ALC PROYECTO ESPA\u00d1OL,S.L. est propri\u00e9taire du nom de domaine et de la page Internet auxquels on peut acc\u00e9der \u00e0 l&#8217;adresse : https:\/\/proyectoespanol.com\/<\/p>\n\n<h3 class=\"wp-block-heading\">I. Objet<\/h3>\n\n<p>Les pr\u00e9sentes conditions g\u00e9n\u00e9rales d&#8217;utilisation r\u00e9gissent l&#8217;utilisation du site web <strong>https:\/\/proyectoespanol.com\/ <\/strong>que <strong>ALC PROYECTO ESPA\u00d1OL,S.L. <\/strong>(ci-apr\u00e8s <strong>ALC PROYECTO ESPA\u00d1OL,S.L.<\/strong>) met \u00e0 la disposition des personnes qui acc\u00e8dent \u00e0 son site web dans le but de fournir des informations sur les produits et services, les siens et\/ou ceux de tiers collaborateurs, et de faciliter l&#8217;acc\u00e8s \u00e0 ces derniers, ainsi que la conclusion de contrats de services et de biens \u00e0 travers ces derniers (tous ces \u00e9l\u00e9ments \u00e9tant conjointement d\u00e9nomm\u00e9s les &#8220;Services&#8221;).<\/p>\n\n<p>Pour contacter ALC PROYECTO ESPA\u00d1OL,S.L., vous pouvez utiliser l&#8217;adresse postale indiqu\u00e9e ci-dessus, ainsi que l&#8217;adresse \u00e9lectronique INFO@PROYECTO-ES.COM et le num\u00e9ro de t\u00e9l\u00e9phone 965230655.<\/p>\n\n<p>En raison de la nature m\u00eame du site web, de son contenu et de sa finalit\u00e9, la quasi-totalit\u00e9 de la navigation qui peut y \u00eatre effectu\u00e9e doit l&#8217;\u00eatre avec la condition d&#8217;utilisateur, qui s&#8217;acquiert selon les modalit\u00e9s qui y sont pr\u00e9vues. Par cons\u00e9quent, la condition d&#8217;utilisateur susmentionn\u00e9e implique l&#8217;adh\u00e9sion aux conditions g\u00e9n\u00e9rales dans la version publi\u00e9e au moment de l&#8217;acc\u00e8s au site web. ALC PROYECTO ESPA\u00d1OL,S.L. se r\u00e9serve le droit de modifier, \u00e0 tout moment, la pr\u00e9sentation et la configuration du site web, ainsi que les pr\u00e9sentes Conditions G\u00e9n\u00e9rales. Pour cette raison, ALC PROYECTO ESPA\u00d1OL,S.L. recommande \u00e0 l&#8217;utilisateur de les lire attentivement chaque fois qu&#8217;il acc\u00e8de au site web.   <\/p>\n\n<p>En tout \u00e9tat de cause, il existe des pages du site Web accessibles au grand public, \u00e0 l&#8217;\u00e9gard desquelles ALC PROYECTO ESPA\u00d1OL,S.L. souhaite \u00e9galement s&#8217;acquitter de ses obligations l\u00e9gales, ainsi que r\u00e9glementer leur utilisation. En ce sens, les utilisateurs qui acc\u00e8dent \u00e0 ces parties du site Web acceptent d&#8217;\u00eatre soumis, en acc\u00e9dant aux pages susmentionn\u00e9es, aux termes et conditions \u00e9tablis dans les pr\u00e9sentes conditions g\u00e9n\u00e9rales, dans la mesure o\u00f9 celles-ci leur sont applicables. <\/p>\n\n<p>Enfin, en raison de la nature de ce site web, il est possible que le contenu de ces conditions g\u00e9n\u00e9rales soit modifi\u00e9 ou chang\u00e9. Par cons\u00e9quent, l&#8217;utilisateur, ainsi que les autres utilisateurs qui ne b\u00e9n\u00e9ficient pas de cette condition, sont tenus d&#8217;acc\u00e9der aux pr\u00e9sentes conditions g\u00e9n\u00e9rales chaque fois qu&#8217;ils acc\u00e8dent au site web, en supposant que les conditions correspondantes en vigueur au moment de l&#8217;acc\u00e8s leur seront applicables. <\/p>\n\n<h3 class=\"wp-block-heading\">II. Acc\u00e8s et s\u00e9curit\u00e9 <\/h3>\n\n<p>L&#8217;acc\u00e8s aux services requiert l&#8217;enregistrement pr\u00e9alable des utilisateurs, une fois qu&#8217;ils ont accept\u00e9 les conditions g\u00e9n\u00e9rales, devenant ainsi des utilisateurs et faisant partie de ce que l&#8217;on appelle la &#8220;Communaut\u00e9 priv\u00e9e d&#8217;ALC PROYECTO ESPA\u00d1OL, S.L.&#8221;. L&#8217;identifiant de l&#8217;utilisateur sera compos\u00e9 de son adresse \u00e9lectronique et d&#8217;un mot de passe. Pour acc\u00e9der \u00e0 son propre compte, l&#8217;Utilisateur devra inclure cet identifiant, ainsi qu&#8217;un mot de passe qui devra contenir un minimum de 8 caract\u00e8res. <\/p>\n\n<p>L&#8217;utilisation du mot de passe est personnelle et incessible, et il ne peut \u00eatre transf\u00e9r\u00e9, m\u00eame temporairement, \u00e0 des tiers. En ce sens, l&#8217;utilisateur s&#8217;engage \u00e0 l&#8217;utiliser avec diligence et \u00e0 le garder secret, en assumant l&#8217;enti\u00e8re responsabilit\u00e9 des cons\u00e9quences de sa divulgation \u00e0 des tiers. <\/p>\n\n<p>Si l&#8217;utilisateur sait ou soup\u00e7onne que son mot de passe est utilis\u00e9 par des tiers, il doit le modifier imm\u00e9diatement, de la mani\u00e8re d\u00e9crite sur le site web.<\/p>\n\n<h3 class=\"wp-block-heading\">III. Utilisation correcte des services <\/h3>\n\n<p>L&#8217;utilisateur s&#8217;engage \u00e0 utiliser les services de mani\u00e8re diligente, correcte et licite et, en particulier, \u00e0 titre d&#8217;exemple et sans limitation, s&#8217;engage \u00e0 s&#8217;abstenir de :<\/p>\n\n<p>(a) utiliser les services d&#8217;une mani\u00e8re, \u00e0 des fins ou avec des effets contraires \u00e0 la loi, \u00e0 la morale, aux principes de moralit\u00e9 g\u00e9n\u00e9ralement admis ou \u00e0 l&#8217;ordre public ; ouo;<br\/>(b) reproduire ou copier, distribuer, permettre l&#8217;acc\u00e8s au public par toute forme de communication publique, transformer ou modifier les services, sauf autorisation du titulaire des droits correspondants ou permis par la loi ;<br\/>(c) r\u00e9aliser tout acte pouvant \u00eatre consid\u00e9r\u00e9 comme une violation de tout droit de propri\u00e9t\u00e9 intellectuelle ou industrielle appartenant \u00e0 ALC PROYECTO ESPA\u00d1OL,S.L. ou \u00e0 des tiers ;<br\/>(d) utiliser les services et, en particulier, les informations de toute nature obtenues par le biais du site web pour envoyer de la publicit\u00e9, des communications \u00e0 des fins de vente directe ou \u00e0 toute autre fin commerciale, des messages non sollicit\u00e9s adress\u00e9s \u00e0 un certain nombre de personnes quel que soit leur objectif, ainsi que pour commercialiser ou divulguer ces informations de quelque mani\u00e8re que ce soit ;<\/p>\n\n<p>L&#8217;Utilisateur sera responsable des dommages et int\u00e9r\u00eats de toute nature que ALC PROYECTO ESPA\u00d1OL,S.L. pourrait subir, \u00e0 l&#8217;occasion ou en cons\u00e9quence de l&#8217;inex\u00e9cution de l&#8217;une quelconque des obligations susmentionn\u00e9es ainsi que de toutes les autres incluses dans les pr\u00e9sentes Conditions G\u00e9n\u00e9rales et\/ou celles impos\u00e9es par la Loi en relation avec l&#8217;utilisation du Site Web.<\/p>\n\n<p>ALC PROYECTO ESPA\u00d1OL,S.L. veillera \u00e0 tout moment au respect de l&#8217;ordre juridique en vigueur et pourra interrompre, \u00e0 sa seule discr\u00e9tion, le service ou exclure l&#8217;utilisateur du site Web en cas de pr\u00e9somption de commission, compl\u00e8te ou incompl\u00e8te, de l&#8217;un des crimes ou d\u00e9lits pr\u00e9vus par le code p\u00e9nal en vigueur, ou en cas d&#8217;observation d&#8217;une conduite qui, de l&#8217;avis d&#8217;ALC PROYECTO ESPA\u00d1OL,S.L., peut \u00eatre consid\u00e9r\u00e9e comme une violation de la loi.L. sont contraires aux pr\u00e9sentes Conditions G\u00e9n\u00e9rales, aux Conditions G\u00e9n\u00e9rales de Contrat qui s&#8217;appliquent \u00e0 ce site web, \u00e0 la Loi, aux r\u00e8glements \u00e9tablis par ALC PROYECTO ESPA\u00d1OL,S.L. ou ses collaborateurs ou qui peuvent perturber le bon fonctionnement, l&#8217;image, la cr\u00e9dibilit\u00e9 et\/ou le prestige d&#8217;ALC PROYECTO ESPA\u00d1OL,S.L. ou de ses collaborateurs.<\/p>\n\n<h3 class=\"wp-block-heading\">IV. les droits de propri\u00e9t\u00e9 <\/h3>\n\n<p>Tous les contenus du site web, tels que les textes, les graphiques, les photographies, les logos, les ic\u00f4nes, les images, ainsi que la conception graphique, le code source et le logiciel, sont la propri\u00e9t\u00e9 exclusive d&#8217;ALC PROYECTO ESPA\u00d1OL,S.L. ou de tiers, dont les droits \u00e0 cet \u00e9gard sont l\u00e9gitimement d\u00e9tenus par ALC PROYECTO ESPA\u00d1OL,S.L., et sont par cons\u00e9quent prot\u00e9g\u00e9s par la l\u00e9gislation nationale et internationale.<\/p>\n\n<p>Il est strictement interdit d&#8217;utiliser tous les \u00e9l\u00e9ments soumis \u00e0 la propri\u00e9t\u00e9 industrielle et intellectuelle \u00e0 des fins commerciales, ainsi que de les distribuer, de les modifier, de les alt\u00e9rer ou de les d\u00e9compiler.<\/p>\n\n<p>La violation de l&#8217;un des droits susmentionn\u00e9s peut constituer une infraction \u00e0 ces dispositions, ainsi qu&#8217;un d\u00e9lit puni par les articles 270 et suivants du code p\u00e9nal.<\/p>\n\n<p>Les utilisateurs qui envoient des observations, des opinions ou des commentaires au site Web par le biais du service de courrier \u00e9lectronique ou par tout autre moyen, dans les cas o\u00f9 la nature des services le permet, autorisent ALC PROYECTO ESPA\u00d1OL, S.L. \u00e0 reproduire, distribuer, communiquer publiquement, transformer et exercer tout autre droit d&#8217;exploitation de ces observations, opinions ou commentaires, pour toute la dur\u00e9e de protection des droits d&#8217;auteur l\u00e9galement \u00e9tablie et sans aucune limitation territoriale. Il est \u00e9galement entendu que cette autorisation est accord\u00e9e \u00e0 titre gratuit. <\/p>\n\n<p>Les plaintes \u00e9ventuelles des utilisateurs concernant d&#8217;\u00e9ventuelles violations des droits de propri\u00e9t\u00e9 intellectuelle ou industrielle concernant l&#8217;un des services de ce site Web doivent \u00eatre envoy\u00e9es \u00e0 l&#8217;adresse \u00e9lectronique suivante : INFO@PROYECTO-ES.COM.<\/p>\n\n<h3 class=\"wp-block-heading\">V. Exclusion de garantie et de responsabilit\u00e9<\/h3>\n\n<p>Ind\u00e9pendamment de ce qui est \u00e9tabli dans les Conditions G\u00e9n\u00e9rales de Contrat relatives \u00e0 l&#8217;achat de biens inclus dans le pr\u00e9sent site web, ALC PROYECTO ESPA\u00d1OL, S.L. n&#8217;est pas responsable de la v\u00e9racit\u00e9, de l&#8217;exactitude et de la qualit\u00e9 du pr\u00e9sent site web, de ses services, de son information et de son mat\u00e9riel. Ces services, informations et mat\u00e9riels sont pr\u00e9sent\u00e9s &#8220;en l&#8217;\u00e9tat&#8221; et sont accessibles sans aucune garantie. <\/p>\n\n<p>ALC PROYECTO ESPA\u00d1OL,S.L. se r\u00e9serve le droit d&#8217;interrompre l&#8217;acc\u00e8s au site Web, ainsi que la prestation de tout ou partie des services qui y sont fournis, \u00e0 tout moment et sans pr\u00e9avis, que ce soit pour des raisons techniques, de s\u00e9curit\u00e9, de contr\u00f4le ou de maintenance, en raison de pannes d&#8217;\u00e9lectricit\u00e9 ou pour toute autre cause justifi\u00e9e.<\/p>\n\n<p>Par cons\u00e9quent, ALC PROYECTO ESPA\u00d1OL,S.L. ne garantit pas la fiabilit\u00e9, la disponibilit\u00e9 ou la continuit\u00e9 de son site Web ou des services, et l&#8217;utilisation de ces derniers par l&#8217;utilisateur se fait donc \u00e0 ses propres risques, sans qu&#8217;ALC PROYECTO ESPA\u00d1OL,S.L. ne puisse \u00e0 aucun moment \u00eatre tenue pour responsable \u00e0 cet \u00e9gard.<\/p>\n\n<p>ALC PROYECTO ESPA\u00d1OL,S.L. ne sera pas tenue responsable en cas d&#8217;interruptions des Services, de retards, d&#8217;erreurs, de mauvais fonctionnement de ceux-ci et, en g\u00e9n\u00e9ral, d&#8217;autres inconv\u00e9nients qui trouvent leur origine dans des causes ind\u00e9pendantes de la volont\u00e9 d&#8217;ALC PROYECTO ESPA\u00d1OL,S.L., et\/ou qui sont dus \u00e0 des actions volontaires ou n\u00e9gligentes de l&#8217;Utilisateur et\/ou qui trouvent leur origine dans des cas fortuits ou de force majeure. Sans pr\u00e9judice des dispositions de l&#8217;article 1105 du Code civil, la notion de force majeure comprendra \u00e9galement, aux fins des pr\u00e9sentes conditions g\u00e9n\u00e9rales, tous les \u00e9v\u00e9nements \u00e9chappant au contr\u00f4le d&#8217;ALC PROYECTO ESPA\u00d1OL, S.L., tels que : la d\u00e9faillance de tiers, l&#8217;incapacit\u00e9 de l&#8217;utilisateur, l&#8217;incapacit\u00e9 de l&#8217;utilisateur de se conformer \u00e0 ses obligations, l&#8217;incapacit\u00e9 de l&#8217;utilisateur de s&#8217;acquitter de ses obligations, etc, tels que : la d\u00e9faillance de tiers, d&#8217;op\u00e9rateurs ou de soci\u00e9t\u00e9s de services, les actes du gouvernement, le manque d&#8217;acc\u00e8s aux r\u00e9seaux de tiers, les actes ou omissions des autorit\u00e9s publiques, ceux qui r\u00e9sultent de ph\u00e9nom\u00e8nes naturels, de pannes d&#8217;\u00e9lectricit\u00e9, etc. et l&#8217;attaque de pirates informatiques ou de tiers sp\u00e9cialis\u00e9s dans la s\u00e9curit\u00e9 ou l&#8217;int\u00e9grit\u00e9 du syst\u00e8me informatique, \u00e0 condition qu&#8217;ALC PROYECTO ESPA\u00d1OL, S.L. ait adopt\u00e9 des mesures de s\u00e9curit\u00e9 raisonnables et conformes \u00e0 l&#8217;\u00e9tat de l&#8217;art. En tout \u00e9tat de cause, quelle qu&#8217;en soit la cause, ALC PROYECTO ESPA\u00d1OL,S.L. n&#8217;assumera aucune responsabilit\u00e9 pour les dommages directs ou indirects, les dommages cons\u00e9cutifs et\/ou le manque \u00e0 gagner.  <\/p>\n\n<p>ALC PROYECTO ESPA\u00d1OL,S.L. exclut toute responsabilit\u00e9 pour les dommages de toute nature qui pourraient \u00eatre dus au manque de v\u00e9racit\u00e9, d&#8217;exactitude, d&#8217;exhaustivit\u00e9 et\/ou d&#8217;actualit\u00e9 des services transmis, diffus\u00e9s, stock\u00e9s, mis \u00e0 disposition ou re\u00e7us, obtenus ou auxquels il a \u00e9t\u00e9 acc\u00e9d\u00e9 via le site web, ainsi que pour les services fournis ou offerts par des tiers ou des entit\u00e9s. ALC PROYECTO ESPA\u00d1OL,S.L. s&#8217;efforcera, dans la mesure du possible, de mettre \u00e0 jour et de rectifier toute information h\u00e9berg\u00e9e sur son site web qui ne respecterait pas les garanties minimales de v\u00e9racit\u00e9. Toutefois, elle ne sera pas tenue responsable de l&#8217;absence de mise \u00e0 jour ou de rectification, ainsi que des contenus et des informations qui y figurent. En ce sens, ALC PROYECTO ESPA\u00d1OL,S.L. n&#8217;a pas l&#8217;obligation de contr\u00f4ler et ne contr\u00f4le pas les contenus transmis, diffus\u00e9s ou mis \u00e0 la disposition de tiers par les utilisateurs ou collaborateurs, sauf dans les cas o\u00f9 la l\u00e9gislation en vigueur l&#8217;exige ou lorsqu&#8217;une autorit\u00e9 judiciaire ou administrative comp\u00e9tente le demande.   <\/p>\n\n<p>De m\u00eame, ALC PROYECTO ESPA\u00d1OL,S.L. exclut toute responsabilit\u00e9 pour les dommages de toute nature qui pourraient \u00eatre dus \u00e0 la pr\u00e9sence de virus ou \u00e0 la pr\u00e9sence d&#8217;autres \u00e9l\u00e9ments nuisibles dans les contenus qui pourraient causer des alt\u00e9rations dans les syst\u00e8mes informatiques ainsi que dans les documents ou syst\u00e8mes stock\u00e9s dans ces derniers. ALC PROYECTO ESPA\u00d1OL,S.L. d\u00e9cline toute responsabilit\u00e9 quant \u00e0 l&#8217;utilisation que l&#8217;utilisateur fait des services du site Web ou de ses mots de passe, ainsi que de tout autre mat\u00e9riel de ce type, en violation des droits de propri\u00e9t\u00e9 intellectuelle ou industrielle ou de tout autre droit de tiers. L&#8217;utilisateur s&#8217;engage \u00e0 tenir ALC PROYECTO ESPA\u00d1OL,S.L. indemne. pour tout dommage, pr\u00e9judice, sanction, d\u00e9pense (y compris, sans limitation, les frais d&#8217;avocat) ou responsabilit\u00e9 civile, administrative ou de toute autre nature qu&#8217;ALC PROYECTO ESPA\u00d1OL,S.L. pourrait subir et qui serait li\u00e9 au non-respect ou au respect partiel ou d\u00e9fectueux de sa part des dispositions des pr\u00e9sentes conditions g\u00e9n\u00e9rales ou de la l\u00e9gislation applicable, et, en particulier, en ce qui concerne ses obligations relatives aux Abogados Urbanistas \u00e0 caract\u00e8re personnel incluses dans les pr\u00e9sentes conditions ou \u00e9tablies dans la LOPD et les r\u00e8glements d&#8217;am\u00e9nagement.  <\/p>\n\n<h3 class=\"wp-block-heading\">VI. Liens vers d&#8217;autres sites web <\/h3>\n\n<p>ALC PROYECTO ESPA\u00d1OL,S.L. ne garantit ni n&#8217;assume aucun type de responsabilit\u00e9 pour les dommages subis lors de l&#8217;acc\u00e8s aux services de tiers par le biais de connexions, de liens ou de liens des sites li\u00e9s, ni pour l&#8217;exactitude ou la fiabilit\u00e9 de ces derniers. La fonction des liens qui apparaissent sur ALC PROYECTO ESPA\u00d1OL,S.L. est exclusivement d&#8217;informer l&#8217;utilisateur de l&#8217;existence d&#8217;autres sources d&#8217;information sur Internet, o\u00f9 il pourra \u00e9tendre les services offerts par le portail. ALC PROYECTO ESPA\u00d1OL,S.L. ne sera en aucun cas responsable des r\u00e9sultats obtenus \u00e0 travers ces liens ou des cons\u00e9quences d\u00e9riv\u00e9es de l&#8217;acc\u00e8s des utilisateurs \u00e0 ces derniers. Ces services de tiers sont fournis par des tiers, raison pour laquelle ALC PROYECTO ESPA\u00d1OL,S.L. ne peut pas contr\u00f4ler et ne contr\u00f4le pas la l\u00e9galit\u00e9 des services ni leur qualit\u00e9. Par cons\u00e9quent, l&#8217;utilisateur doit faire preuve d&#8217;une extr\u00eame prudence dans l&#8217;\u00e9valuation et l&#8217;utilisation de l&#8217;information et des services existant dans les contenus de tiers.    <\/p>\n\n<h3 class=\"wp-block-heading\">VII. Droit applicable et juridiction <\/h3>\n\n<p>L&#8217;utilisation de ce site et les contrats d&#8217;achat de produits par l&#8217;interm\u00e9diaire de ce site sont r\u00e9gis par le droit espagnol. Tout litige d\u00e9coulant de l&#8217;utilisation du site web ou de ces contrats est soumis \u00e0 la comp\u00e9tence non exclusive des cours et tribunaux espagnols. <\/p>\n\n<p>Si vous passez un contrat en tant que consommateur, aucune disposition de la pr\u00e9sente clause n&#8217;affectera vos droits en tant que consommateur en vertu de la l\u00e9gislation applicable.<\/p>\n","protected":false},"excerpt":{"rendered":"<p>Conform\u00e9ment \u00e0 l&#8217;article 10 de la loi 34\/2002, du 11 juillet, sur les services de la soci\u00e9t\u00e9 de l&#8217;information et le commerce \u00e9lectronique (LSSICE), les donn\u00e9es d&#8217;identification de l&#8217;entit\u00e9 ou de la personne propri\u00e9taire de ce site Web sont indiqu\u00e9es ci-dessous. Nom ou raison sociale : ALC PROYECTO ESPA\u00d1OL,S.L.CIF\/NIF : B53452132Adresse du si\u00e8ge social : [&hellip;]<\/p>\n","protected":false},"author":1,"featured_media":0,"parent":0,"menu_order":0,"comment_status":"closed","ping_status":"closed","template":"","meta":{"_acf_changed":false,"footnotes":""},"class_list":["post-1183","page","type-page","status-publish","hentry"],"acf":[],"_links":{"self":[{"href":"https:\/\/courses.proyectoespanol.com\/fr\/wp-json\/wp\/v2\/pages\/1183","targetHints":{"allow":["GET"]}}],"collection":[{"href":"https:\/\/courses.proyectoespanol.com\/fr\/wp-json\/wp\/v2\/pages"}],"about":[{"href":"https:\/\/courses.proyectoespanol.com\/fr\/wp-json\/wp\/v2\/types\/page"}],"author":[{"embeddable":true,"href":"https:\/\/courses.proyectoespanol.com\/fr\/wp-json\/wp\/v2\/users\/1"}],"replies":[{"embeddable":true,"href":"https:\/\/courses.proyectoespanol.com\/fr\/wp-json\/wp\/v2\/comments?post=1183"}],"version-history":[{"count":2,"href":"https:\/\/courses.proyectoespanol.com\/fr\/wp-json\/wp\/v2\/pages\/1183\/revisions"}],"predecessor-version":[{"id":2234,"href":"https:\/\/courses.proyectoespanol.com\/fr\/wp-json\/wp\/v2\/pages\/1183\/revisions\/2234"}],"wp:attachment":[{"href":"https:\/\/courses.proyectoespanol.com\/fr\/wp-json\/wp\/v2\/media?parent=1183"}],"curies":[{"name":"wp","href":"https:\/\/api.w.org\/{rel}","templated":true}]}}