{"id":772,"date":"2025-02-19T14:43:20","date_gmt":"2025-02-19T13:43:20","guid":{"rendered":"https:\/\/courses.proyectoespanol.com\/producto\/apartamento-habitacion-individual-en-alicante-en\/"},"modified":"2026-04-01T16:21:31","modified_gmt":"2026-04-01T14:21:31","slug":"apartamento-habitacion-individual-en-alicante-en","status":"publish","type":"product","link":"https:\/\/courses.proyectoespanol.com\/en\/apartamento-habitacion-individual-en-alicante-en\/","title":{"rendered":"Apartment: single room in Alicante"},"content":{"rendered":"<p>Compartir\u00e1s piso con otros estudiantes de la escuela de cualquier edad o nacionalidad. Siempre intentamos que haya la mayor afinidad y diversidad posibles. Adem\u00e1s de una habitaci\u00f3n para ti con armario para tus cosas y mesa donde estudiar, todos los alojamientos tienen espacios comunes: cocina, sal\u00f3n y ba\u00f1o.<\/p>\n<p>As\u00ed pod\u00e9is hacer vida en com\u00fan con los compa\u00f1eros de piso, como cocinar y comer juntos en la cocina probando recetas aprendidas en la escuela o compartir momentos geniales en el sal\u00f3n, ver alg\u00fan partido, una pel\u00edcula, jugar a algo o simplemente charlar.<\/p>\n<p>Los apartamentos est\u00e1n totalmente equipados para que t\u00fa d\u00eda a d\u00eda sea f\u00e1cil y c\u00f3modo. Todos nuestros apartamentos cuentan con lavadora.<\/p>\n<p>S\u00f3lo recuerda que tienes que traer tus s\u00e1banas y toallas, adem\u00e1s de que hacer la compra y cocinar y limpiar.<\/p>\n<p>Para reservar un habitaci\u00f3n doble en apartamento en Madrid y Barcelona es necesario inscribirse\u00a0junto con otra persona.<\/p>\n<p>En Alicante y Granada ofrecemos precios de larga duraci\u00f3n para reservas de m\u00e1s de 12 semanas.<\/p>\n","protected":false},"excerpt":{"rendered":"<p>Compartir\u00e1s piso con otros estudiantes de la escuela de cualquier edad o nacionalidad. Siempre intentamos que haya la mayor afinidad y diversidad posibles. Adem\u00e1s de una habitaci\u00f3n para ti con armario para tus cosas y mesa donde estudiar, todos los alojamientos tienen espacios comunes: cocina, sal\u00f3n y ba\u00f1o. As\u00ed pod\u00e9is hacer vida en com\u00fan con [&hellip;]<\/p>\n","protected":false},"featured_media":0,"comment_status":"open","ping_status":"closed","template":"","meta":{"_acf_changed":false},"product_brand":[],"product_cat":[103,94],"product_tag":[],"class_list":{"0":"post-772","1":"product","2":"type-product","3":"status-publish","5":"product_cat-accomodation","6":"product_cat-alicante-en","8":"first","9":"instock","10":"shipping-taxable","11":"product-type-simple"},"acf":[],"_links":{"self":[{"href":"https:\/\/courses.proyectoespanol.com\/en\/wp-json\/wp\/v2\/product\/772","targetHints":{"allow":["GET"]}}],"collection":[{"href":"https:\/\/courses.proyectoespanol.com\/en\/wp-json\/wp\/v2\/product"}],"about":[{"href":"https:\/\/courses.proyectoespanol.com\/en\/wp-json\/wp\/v2\/types\/product"}],"replies":[{"embeddable":true,"href":"https:\/\/courses.proyectoespanol.com\/en\/wp-json\/wp\/v2\/comments?post=772"}],"wp:attachment":[{"href":"https:\/\/courses.proyectoespanol.com\/en\/wp-json\/wp\/v2\/media?parent=772"}],"wp:term":[{"taxonomy":"product_brand","embeddable":true,"href":"https:\/\/courses.proyectoespanol.com\/en\/wp-json\/wp\/v2\/product_brand?post=772"},{"taxonomy":"product_cat","embeddable":true,"href":"https:\/\/courses.proyectoespanol.com\/en\/wp-json\/wp\/v2\/product_cat?post=772"},{"taxonomy":"product_tag","embeddable":true,"href":"https:\/\/courses.proyectoespanol.com\/en\/wp-json\/wp\/v2\/product_tag?post=772"}],"curies":[{"name":"wp","href":"https:\/\/api.w.org\/{rel}","templated":true}]}}