{"id":760,"date":"2025-02-19T14:41:47","date_gmt":"2025-02-19T13:41:47","guid":{"rendered":"https:\/\/courses.proyectoespanol.com\/producto\/transfer-de-ida-o-vuelta-en-alicante-en\/"},"modified":"2025-03-21T12:12:16","modified_gmt":"2025-03-21T11:12:16","slug":"transfer-de-ida-o-vuelta-en-alicante-en","status":"publish","type":"product","link":"https:\/\/courses.proyectoespanol.com\/en\/transfer-de-ida-o-vuelta-en-alicante-en\/","title":{"rendered":"One-way transfer in Alicante"},"content":{"rendered":"<p>En cuanto salgas del avi\u00f3n y llegues a la terminal te estar\u00e1 esperando una persona de la escuela con tu nombre en un cartel.<\/p>\n<p>El conductor te dejar\u00e1 en la puerta de tu alojamiento.<\/p>\n","protected":false},"excerpt":{"rendered":"<p>En cuanto salgas del avi\u00f3n y llegues a la terminal te estar\u00e1 esperando una persona de la escuela con tu nombre en un cartel. El conductor te dejar\u00e1 en la puerta de tu alojamiento.<\/p>\n","protected":false},"featured_media":0,"comment_status":"open","ping_status":"closed","template":"","meta":{"_acf_changed":false},"product_brand":[],"product_cat":[94,107],"product_tag":[],"class_list":{"0":"post-760","1":"product","2":"type-product","3":"status-publish","5":"product_cat-alicante-en","6":"product_cat-transfer-en","8":"first","9":"instock","10":"shipping-taxable","11":"product-type-simple"},"acf":[],"_links":{"self":[{"href":"https:\/\/courses.proyectoespanol.com\/en\/wp-json\/wp\/v2\/product\/760","targetHints":{"allow":["GET"]}}],"collection":[{"href":"https:\/\/courses.proyectoespanol.com\/en\/wp-json\/wp\/v2\/product"}],"about":[{"href":"https:\/\/courses.proyectoespanol.com\/en\/wp-json\/wp\/v2\/types\/product"}],"replies":[{"embeddable":true,"href":"https:\/\/courses.proyectoespanol.com\/en\/wp-json\/wp\/v2\/comments?post=760"}],"wp:attachment":[{"href":"https:\/\/courses.proyectoespanol.com\/en\/wp-json\/wp\/v2\/media?parent=760"}],"wp:term":[{"taxonomy":"product_brand","embeddable":true,"href":"https:\/\/courses.proyectoespanol.com\/en\/wp-json\/wp\/v2\/product_brand?post=760"},{"taxonomy":"product_cat","embeddable":true,"href":"https:\/\/courses.proyectoespanol.com\/en\/wp-json\/wp\/v2\/product_cat?post=760"},{"taxonomy":"product_tag","embeddable":true,"href":"https:\/\/courses.proyectoespanol.com\/en\/wp-json\/wp\/v2\/product_tag?post=760"}],"curies":[{"name":"wp","href":"https:\/\/api.w.org\/{rel}","templated":true}]}}