{"id":4268,"date":"2026-02-10T12:10:05","date_gmt":"2026-02-10T11:10:05","guid":{"rendered":"https:\/\/courses.proyectoespanol.com\/producto\/curso-de-espanol-didactica-en-granada%c2%b7-255h-en\/"},"modified":"2026-04-01T16:51:16","modified_gmt":"2026-04-01T14:51:16","slug":"curso-espanol-didactica-granada-30h","status":"publish","type":"product","link":"https:\/\/courses.proyectoespanol.com\/en\/curso-espanol-didactica-granada-30h\/","title":{"rendered":"Spanish course + Didactics in Alicante \u00b7 25+5h"},"content":{"rendered":"<p data-start=\"18\" data-end=\"228\">Ce cours s\u2019adresse aux enseignants non bilingues qui envisagent de travailler dans le secteur de l\u2019\u00e9ducation ou qui travaillent d\u00e9j\u00e0 comme professeurs d\u2019espagnol et souhaitent approfondir leurs connaissances.<\/p>\n<p data-start=\"230\" data-end=\"341\">Pour participer \u00e0 ce cours, il est n\u00e9cessaire d\u2019avoir d\u00e9j\u00e0 un niveau interm\u00e9diaire en espagnol (jusqu\u2019au B2).<\/p>\n<p data-start=\"343\" data-end=\"368\"><strong data-start=\"343\" data-end=\"366\">Le cours comprend :<\/strong><\/p>\n<ul data-start=\"369\" data-end=\"807\">\n<li data-section-id=\"1ku23le\" data-start=\"369\" data-end=\"534\">5 le\u00e7ons quotidiennes en groupes de maximum 10 \u00e9tudiants, o\u00f9 les enseignants peuvent r\u00e9activer et am\u00e9liorer leur grammaire et leurs comp\u00e9tences en communication.<\/li>\n<li data-section-id=\"1q9umqs\" data-start=\"535\" data-end=\"627\">2 le\u00e7ons quotidiennes au cours desquelles les \u00e9tudiants observeront diff\u00e9rentes classes.<\/li>\n<li data-section-id=\"v1tcf2\" data-start=\"628\" data-end=\"807\">1 session quotidienne (en mini-groupes de maximum 5 \u00e9tudiants) afin de perfectionner leurs comp\u00e9tences p\u00e9dagogiques gr\u00e2ce \u00e0 diff\u00e9rentes techniques et technologies didactiques.<\/li>\n<\/ul>\n<p data-start=\"809\" data-end=\"1208\"><strong data-start=\"809\" data-end=\"833\">Objectifs du cours :<\/strong><br data-start=\"833\" data-end=\"836\" \/>L\u2019objectif principal est que le participant apprenne ou am\u00e9liore ses comp\u00e9tences p\u00e9dagogiques. Les aspects importants incluent : le travail en \u00e9quipe, les comp\u00e9tences linguistiques, la planification des cours, l\u2019analyse du mat\u00e9riel didactique, les techniques et activit\u00e9s de communication, ainsi que la capacit\u00e9 \u00e0 enseigner \u00e0 des \u00e9tudiants de tous niveaux linguistiques.<\/p>\n<p data-start=\"1210\" data-end=\"1276\"><strong data-start=\"1210\" data-end=\"1274\">Contenu de la session sp\u00e9cifique du cours pour enseignants :<\/strong><\/p>\n<ul data-start=\"1277\" data-end=\"2024\">\n<li data-section-id=\"1twn9sh\" data-start=\"1277\" data-end=\"1454\"><strong data-start=\"1279\" data-end=\"1292\">Th\u00e9orie :<\/strong> description th\u00e9orique des niveaux de langue, courte explication du \u00ab Cadre Europ\u00e9en Commun de R\u00e9f\u00e9rence pour les Langues \u00bb : contenus, objectifs et \u00e9valuation\u2026<\/li>\n<li data-section-id=\"15c5207\" data-start=\"1455\" data-end=\"1865\"><strong data-start=\"1457\" data-end=\"1486\">Planification des cours :<\/strong> du mat\u00e9riel compil\u00e9 est disponible dans nos salles de classe et a d\u00e9j\u00e0 \u00e9t\u00e9 test\u00e9 avec succ\u00e8s, afin que vous puissiez l\u2019utiliser dans vos propres cours et soutenir les apprenants de diff\u00e9rents \u00e2ges et nationalit\u00e9s si n\u00e9cessaire. Nous r\u00e9fl\u00e9chirons \u00e9galement \u00e0 la planification de cours de conversation en tenant compte des difficult\u00e9s que peut poser un grand nombre d\u2019\u00e9tudiants.<\/li>\n<li data-section-id=\"ucjunj\" data-start=\"1866\" data-end=\"2024\"><strong data-start=\"1868\" data-end=\"1920\">Conflits et difficult\u00e9s en grammaire espagnole :<\/strong> utilisation des diff\u00e9rents temps du pass\u00e9, le subjonctif, \u00ab ser \u00bb et \u00ab estar \u00bb, r\u00e9solution de doutes\u2026<\/li>\n<\/ul>\n<p data-start=\"2026\" data-end=\"2299\" data-is-last-node=\"\" data-is-only-node=\"\"><strong data-start=\"2026\" data-end=\"2048\">Certificat final :<\/strong><br data-start=\"2048\" data-end=\"2051\" \/>\u00c0 la fin du cours, le participant recevra un certificat de notre \u00e9cole indiquant le nombre de le\u00e7ons, les dates et le niveau de langue. Une note sp\u00e9ciale sera \u00e9galement ajout\u00e9e pour pr\u00e9ciser que notre \u00e9cole est accr\u00e9dit\u00e9e par l\u2019Instituto Cervantes.<\/p>\n","protected":false},"excerpt":{"rendered":"<p>Ce cours s\u2019adresse aux enseignants non bilingues qui envisagent de travailler dans le secteur de l\u2019\u00e9ducation ou qui travaillent d\u00e9j\u00e0 comme professeurs d\u2019espagnol et souhaitent approfondir leurs connaissances. Pour participer \u00e0 ce cours, il est n\u00e9cessaire d\u2019avoir d\u00e9j\u00e0 un niveau interm\u00e9diaire en espagnol (jusqu\u2019au B2). Le cours comprend : 5 le\u00e7ons quotidiennes en groupes de [&hellip;]<\/p>\n","protected":false},"featured_media":0,"comment_status":"open","ping_status":"closed","template":"","meta":{"_acf_changed":false},"product_brand":[],"product_cat":[105,98],"product_tag":[115],"class_list":{"0":"post-4268","1":"product","2":"type-product","3":"status-publish","5":"product_cat-course","6":"product_cat-granada-en","7":"product_tag-specific","9":"first","10":"instock","11":"shipping-taxable","12":"purchasable","13":"product-type-simple"},"acf":[],"_links":{"self":[{"href":"https:\/\/courses.proyectoespanol.com\/en\/wp-json\/wp\/v2\/product\/4268","targetHints":{"allow":["GET"]}}],"collection":[{"href":"https:\/\/courses.proyectoespanol.com\/en\/wp-json\/wp\/v2\/product"}],"about":[{"href":"https:\/\/courses.proyectoespanol.com\/en\/wp-json\/wp\/v2\/types\/product"}],"replies":[{"embeddable":true,"href":"https:\/\/courses.proyectoespanol.com\/en\/wp-json\/wp\/v2\/comments?post=4268"}],"wp:attachment":[{"href":"https:\/\/courses.proyectoespanol.com\/en\/wp-json\/wp\/v2\/media?parent=4268"}],"wp:term":[{"taxonomy":"product_brand","embeddable":true,"href":"https:\/\/courses.proyectoespanol.com\/en\/wp-json\/wp\/v2\/product_brand?post=4268"},{"taxonomy":"product_cat","embeddable":true,"href":"https:\/\/courses.proyectoespanol.com\/en\/wp-json\/wp\/v2\/product_cat?post=4268"},{"taxonomy":"product_tag","embeddable":true,"href":"https:\/\/courses.proyectoespanol.com\/en\/wp-json\/wp\/v2\/product_tag?post=4268"}],"curies":[{"name":"wp","href":"https:\/\/api.w.org\/{rel}","templated":true}]}}